{"id":423,"date":"2023-05-29T16:42:24","date_gmt":"2023-05-29T14:42:24","guid":{"rendered":"http:\/\/gndvgah.cluster027.hosting.ovh.net\/?post_type=product&#038;p=423"},"modified":"2026-04-17T02:00:38","modified_gmt":"2026-04-17T00:00:38","slug":"vitamine-c","status":"publish","type":"product","link":"https:\/\/www.eboutiquelumieresource.fr\/index.php\/product\/vitamine-c\/","title":{"rendered":"Vitamine C"},"content":{"rendered":"<p><span style=\"vertical-align: inherit;\"><span style=\"vertical-align: inherit;\">Les bienfaits de la vitamine C sur l&rsquo;organisme sont nombreux. <\/span><span style=\"vertical-align: inherit;\">La vitamine C contribue tout d&rsquo;abord au bon fonctionnement du syst\u00e8me immunitaire. <\/span><span style=\"vertical-align: inherit;\">Ensuite, elle soutient le bon fonctionnement du syst\u00e8me nerveux et aide \u00e0 r\u00e9duire la fatigue. <\/span><span style=\"vertical-align: inherit;\">La vitamine C est aussi un fort pouvoir antioxydant qui participe \u00e0 lutter contre le stress oxydatif. <\/span><span style=\"vertical-align: inherit;\">Elle aide \u00e9galement \u00e0 la formation normale de collag\u00e8ne pour assurer la bonne fonction des cartilages, gencives, dents et os.<\/span><\/span><\/p>\n<p><span style=\"vertical-align: inherit;\"><span style=\"vertical-align: inherit;\">Composition pour 3 g\u00e9lules :<\/span><\/span><\/p>\n<ul>\n<li><span style=\"vertical-align: inherit;\"><span style=\"vertical-align: inherit;\">Vitamine C : 400mg<\/span><\/span><\/li>\n<\/ul>\n<p><span style=\"vertical-align: inherit;\"><span style=\"vertical-align: inherit;\">Notre conseil :<\/span><\/span><\/p>\n<ul>\n<li><span style=\"vertical-align: inherit;\"><span style=\"vertical-align: inherit;\">3 g\u00e9lules par jour avec un verre d&rsquo;eau<\/span><\/span><\/li>\n<li><span style=\"vertical-align: inherit;\"><span style=\"vertical-align: inherit;\">Cure d&rsquo;un mois<\/span><\/span><\/li>\n<\/ul>\n<p><img data-recalc-dims=\"1\" fetchpriority=\"high\" decoding=\"async\" class=\"alignnone size-full wp-image-424\" src=\"https:\/\/i0.wp.com\/gndvgah.cluster027.hosting.ovh.net\/wp-content\/uploads\/2023\/05\/VITAMINEC_CODE_180x69_pullulan6001-263x300-1.jpg?resize=263%2C300\" alt=\"vitamine C\" width=\"263\" height=\"300\" \/><\/p>\n","protected":false},"excerpt":{"rendered":"<p><span style=\"vertical-align: inherit;\"><span style=\"vertical-align: inherit;\">Les bienfaits de la vitamine C sur l&rsquo;organisme sont nombreux. <\/span><span style=\"vertical-align: inherit;\">La vitamine C contribue tout d&rsquo;abord au bon fonctionnement du syst\u00e8me immunitaire. <\/span><span style=\"vertical-align: inherit;\">Ensuite, elle soutient le bon fonctionnement du syst\u00e8me nerveux et aide \u00e0 r\u00e9duire la fatigue. <\/span><span style=\"vertical-align: inherit;\">La vitamine C est aussi un fort pouvoir antioxydant qui participe \u00e0 lutter contre le stress oxydatif. <\/span><span style=\"vertical-align: inherit;\">Elle aide \u00e9galement \u00e0 la formation normale de collag\u00e8ne pour assurer la bonne fonction des cartilages, gencives, dents et os.<\/span><\/span><\/p>\n","protected":false},"featured_media":424,"comment_status":"open","ping_status":"closed","template":"","meta":{"_uag_custom_page_level_css":"","_kadence_starter_templates_imported_post":false,"_kad_post_transparent":"default","_kad_post_title":"","_kad_post_layout":"default","_kad_post_sidebar_id":"","_kad_post_content_style":"default","_kad_post_vertical_padding":"default","_kad_post_feature":"","_kad_post_feature_position":"","_kad_post_header":false,"_kad_post_footer":false,"_kad_post_classname":""},"product_brand":[],"product_cat":[20],"product_tag":[32],"class_list":{"0":"post-423","1":"product","2":"type-product","3":"status-publish","4":"has-post-thumbnail","6":"product_cat-formebienetre","7":"product_tag-200-gelules","9":"first","10":"instock","11":"taxable","12":"shipping-taxable","13":"purchasable","14":"product-type-simple","15":"entry","16":"content-bg","17":"loop-entry"},"yoast_head":"<!-- This site is optimized with the Yoast SEO plugin v27.4 - https:\/\/yoast.com\/product\/yoast-seo-wordpress\/ -->\n<title>Vitamine C - E.boutique Lumi\u00e8re Source et Nature<\/title>\n<meta name=\"description\" content=\"La vitamine C contribue au bon fonctionnement du syst\u00e8me immunitaire. Elle soutient le bon fonctionnement du syst\u00e8me nerveux et aide \u00e0 r\u00e9duire la fatigue.\" \/>\n<meta name=\"robots\" content=\"index, follow, max-snippet:-1, max-image-preview:large, max-video-preview:-1\" \/>\n<link rel=\"canonical\" href=\"https:\/\/www.eboutiquelumieresource.fr\/index.php\/product\/vitamine-c\/\" \/>\n<meta property=\"og:locale\" content=\"fr_CA\" \/>\n<meta property=\"og:type\" content=\"article\" \/>\n<meta property=\"og:title\" content=\"Vitamine C - E.boutique Lumi\u00e8re Source et Nature\" \/>\n<meta property=\"og:description\" content=\"La vitamine C contribue au bon fonctionnement du syst\u00e8me immunitaire. Elle soutient le bon fonctionnement du syst\u00e8me nerveux et aide \u00e0 r\u00e9duire la fatigue.\" \/>\n<meta property=\"og:url\" content=\"https:\/\/www.eboutiquelumieresource.fr\/index.php\/product\/vitamine-c\/\" \/>\n<meta property=\"og:site_name\" content=\"E.boutique Lumi\u00e8re Source et Nature\" \/>\n<meta property=\"article:publisher\" content=\"https:\/\/www.facebook.com\/lumieresourceetnat\/?ref=page_internal\" \/>\n<meta property=\"article:modified_time\" content=\"2026-04-17T00:00:38+00:00\" \/>\n<meta property=\"og:image\" content=\"https:\/\/www.eboutiquelumieresource.fr\/wp-content\/uploads\/2023\/05\/VITAMINEC_CODE_180x69_pullulan6001-263x300-1.jpg\" \/>\n\t<meta property=\"og:image:width\" content=\"263\" \/>\n\t<meta property=\"og:image:height\" content=\"300\" \/>\n\t<meta property=\"og:image:type\" content=\"image\/jpeg\" \/>\n<meta name=\"twitter:card\" content=\"summary_large_image\" \/>\n<meta name=\"twitter:label1\" content=\"Estimation du temps de lecture\" \/>\n\t<meta name=\"twitter:data1\" content=\"1 minute\" \/>\n<script type=\"application\/ld+json\" class=\"yoast-schema-graph\">{\"@context\":\"https:\\\/\\\/schema.org\",\"@graph\":[{\"@type\":\"WebPage\",\"@id\":\"https:\\\/\\\/www.eboutiquelumieresource.fr\\\/index.php\\\/product\\\/vitamine-c\\\/\",\"url\":\"https:\\\/\\\/www.eboutiquelumieresource.fr\\\/index.php\\\/product\\\/vitamine-c\\\/\",\"name\":\"Vitamine C - E.boutique Lumi\u00e8re Source et Nature\",\"isPartOf\":{\"@id\":\"https:\\\/\\\/www.eboutiquelumieresource.fr\\\/#website\"},\"primaryImageOfPage\":{\"@id\":\"https:\\\/\\\/www.eboutiquelumieresource.fr\\\/index.php\\\/product\\\/vitamine-c\\\/#primaryimage\"},\"image\":{\"@id\":\"https:\\\/\\\/www.eboutiquelumieresource.fr\\\/index.php\\\/product\\\/vitamine-c\\\/#primaryimage\"},\"thumbnailUrl\":\"https:\\\/\\\/i0.wp.com\\\/www.eboutiquelumieresource.fr\\\/wp-content\\\/uploads\\\/2023\\\/05\\\/VITAMINEC_CODE_180x69_pullulan6001-263x300-1.jpg?fit=263%2C300&ssl=1\",\"datePublished\":\"2023-05-29T14:42:24+00:00\",\"dateModified\":\"2026-04-17T00:00:38+00:00\",\"description\":\"La vitamine C contribue au bon fonctionnement du syst\u00e8me immunitaire. Elle soutient le bon fonctionnement du syst\u00e8me nerveux et aide \u00e0 r\u00e9duire la fatigue.\",\"breadcrumb\":{\"@id\":\"https:\\\/\\\/www.eboutiquelumieresource.fr\\\/index.php\\\/product\\\/vitamine-c\\\/#breadcrumb\"},\"inLanguage\":\"fr-CA\",\"potentialAction\":[{\"@type\":\"ReadAction\",\"target\":[\"https:\\\/\\\/www.eboutiquelumieresource.fr\\\/index.php\\\/product\\\/vitamine-c\\\/\"]}]},{\"@type\":\"ImageObject\",\"inLanguage\":\"fr-CA\",\"@id\":\"https:\\\/\\\/www.eboutiquelumieresource.fr\\\/index.php\\\/product\\\/vitamine-c\\\/#primaryimage\",\"url\":\"https:\\\/\\\/i0.wp.com\\\/www.eboutiquelumieresource.fr\\\/wp-content\\\/uploads\\\/2023\\\/05\\\/VITAMINEC_CODE_180x69_pullulan6001-263x300-1.jpg?fit=263%2C300&ssl=1\",\"contentUrl\":\"https:\\\/\\\/i0.wp.com\\\/www.eboutiquelumieresource.fr\\\/wp-content\\\/uploads\\\/2023\\\/05\\\/VITAMINEC_CODE_180x69_pullulan6001-263x300-1.jpg?fit=263%2C300&ssl=1\",\"width\":263,\"height\":300,\"caption\":\"vitamine C\"},{\"@type\":\"BreadcrumbList\",\"@id\":\"https:\\\/\\\/www.eboutiquelumieresource.fr\\\/index.php\\\/product\\\/vitamine-c\\\/#breadcrumb\",\"itemListElement\":[{\"@type\":\"ListItem\",\"position\":1,\"name\":\"Home\",\"item\":\"https:\\\/\\\/www.eboutiquelumieresource.fr\\\/\"},{\"@type\":\"ListItem\",\"position\":2,\"name\":\"Boutique\",\"item\":\"https:\\\/\\\/www.eboutiquelumieresource.fr\\\/index.php\\\/boutique-lumiere-source-nature\\\/\"},{\"@type\":\"ListItem\",\"position\":3,\"name\":\"Vitamine C\"}]},{\"@type\":\"WebSite\",\"@id\":\"https:\\\/\\\/www.eboutiquelumieresource.fr\\\/#website\",\"url\":\"https:\\\/\\\/www.eboutiquelumieresource.fr\\\/\",\"name\":\"E.boutique Lumi\u00e8re Source et Nature\",\"description\":\"Vos compl\u00e9ments alimentaires naturels\",\"publisher\":{\"@id\":\"https:\\\/\\\/www.eboutiquelumieresource.fr\\\/#organization\"},\"potentialAction\":[{\"@type\":\"SearchAction\",\"target\":{\"@type\":\"EntryPoint\",\"urlTemplate\":\"https:\\\/\\\/www.eboutiquelumieresource.fr\\\/?s={search_term_string}\"},\"query-input\":{\"@type\":\"PropertyValueSpecification\",\"valueRequired\":true,\"valueName\":\"search_term_string\"}}],\"inLanguage\":\"fr-CA\"},{\"@type\":\"Organization\",\"@id\":\"https:\\\/\\\/www.eboutiquelumieresource.fr\\\/#organization\",\"name\":\"E.boutique Lumi\u00e8re Source et Nature\",\"url\":\"https:\\\/\\\/www.eboutiquelumieresource.fr\\\/\",\"logo\":{\"@type\":\"ImageObject\",\"inLanguage\":\"fr-CA\",\"@id\":\"https:\\\/\\\/www.eboutiquelumieresource.fr\\\/#\\\/schema\\\/logo\\\/image\\\/\",\"url\":\"https:\\\/\\\/i0.wp.com\\\/www.eboutiquelumieresource.fr\\\/wp-content\\\/uploads\\\/2023\\\/06\\\/logo-goutte-lumiere-source-et-nature-detoure.png?fit=256%2C263&ssl=1\",\"contentUrl\":\"https:\\\/\\\/i0.wp.com\\\/www.eboutiquelumieresource.fr\\\/wp-content\\\/uploads\\\/2023\\\/06\\\/logo-goutte-lumiere-source-et-nature-detoure.png?fit=256%2C263&ssl=1\",\"width\":256,\"height\":263,\"caption\":\"E.boutique Lumi\u00e8re Source et Nature\"},\"image\":{\"@id\":\"https:\\\/\\\/www.eboutiquelumieresource.fr\\\/#\\\/schema\\\/logo\\\/image\\\/\"},\"sameAs\":[\"https:\\\/\\\/www.facebook.com\\\/lumieresourceetnat\\\/?ref=page_internal\",\"https:\\\/\\\/www.instagram.com\\\/lumieresourceetnature\\\/\"]}]}<\/script>\n<!-- \/ Yoast SEO plugin. -->","yoast_head_json":{"title":"Vitamine C - E.boutique Lumi\u00e8re Source et Nature","description":"La vitamine C contribue au bon fonctionnement du syst\u00e8me immunitaire. Elle soutient le bon fonctionnement du syst\u00e8me nerveux et aide \u00e0 r\u00e9duire la fatigue.","robots":{"index":"index","follow":"follow","max-snippet":"max-snippet:-1","max-image-preview":"max-image-preview:large","max-video-preview":"max-video-preview:-1"},"canonical":"https:\/\/www.eboutiquelumieresource.fr\/index.php\/product\/vitamine-c\/","og_locale":"fr_CA","og_type":"article","og_title":"Vitamine C - E.boutique Lumi\u00e8re Source et Nature","og_description":"La vitamine C contribue au bon fonctionnement du syst\u00e8me immunitaire. Elle soutient le bon fonctionnement du syst\u00e8me nerveux et aide \u00e0 r\u00e9duire la fatigue.","og_url":"https:\/\/www.eboutiquelumieresource.fr\/index.php\/product\/vitamine-c\/","og_site_name":"E.boutique Lumi\u00e8re Source et Nature","article_publisher":"https:\/\/www.facebook.com\/lumieresourceetnat\/?ref=page_internal","article_modified_time":"2026-04-17T00:00:38+00:00","og_image":[{"width":263,"height":300,"url":"https:\/\/www.eboutiquelumieresource.fr\/wp-content\/uploads\/2023\/05\/VITAMINEC_CODE_180x69_pullulan6001-263x300-1.jpg","type":"image\/jpeg"}],"twitter_card":"summary_large_image","twitter_misc":{"Estimation du temps de lecture":"1 minute"},"schema":{"@context":"https:\/\/schema.org","@graph":[{"@type":"WebPage","@id":"https:\/\/www.eboutiquelumieresource.fr\/index.php\/product\/vitamine-c\/","url":"https:\/\/www.eboutiquelumieresource.fr\/index.php\/product\/vitamine-c\/","name":"Vitamine C - E.boutique Lumi\u00e8re Source et Nature","isPartOf":{"@id":"https:\/\/www.eboutiquelumieresource.fr\/#website"},"primaryImageOfPage":{"@id":"https:\/\/www.eboutiquelumieresource.fr\/index.php\/product\/vitamine-c\/#primaryimage"},"image":{"@id":"https:\/\/www.eboutiquelumieresource.fr\/index.php\/product\/vitamine-c\/#primaryimage"},"thumbnailUrl":"https:\/\/i0.wp.com\/www.eboutiquelumieresource.fr\/wp-content\/uploads\/2023\/05\/VITAMINEC_CODE_180x69_pullulan6001-263x300-1.jpg?fit=263%2C300&ssl=1","datePublished":"2023-05-29T14:42:24+00:00","dateModified":"2026-04-17T00:00:38+00:00","description":"La vitamine C contribue au bon fonctionnement du syst\u00e8me immunitaire. Elle soutient le bon fonctionnement du syst\u00e8me nerveux et aide \u00e0 r\u00e9duire la fatigue.","breadcrumb":{"@id":"https:\/\/www.eboutiquelumieresource.fr\/index.php\/product\/vitamine-c\/#breadcrumb"},"inLanguage":"fr-CA","potentialAction":[{"@type":"ReadAction","target":["https:\/\/www.eboutiquelumieresource.fr\/index.php\/product\/vitamine-c\/"]}]},{"@type":"ImageObject","inLanguage":"fr-CA","@id":"https:\/\/www.eboutiquelumieresource.fr\/index.php\/product\/vitamine-c\/#primaryimage","url":"https:\/\/i0.wp.com\/www.eboutiquelumieresource.fr\/wp-content\/uploads\/2023\/05\/VITAMINEC_CODE_180x69_pullulan6001-263x300-1.jpg?fit=263%2C300&ssl=1","contentUrl":"https:\/\/i0.wp.com\/www.eboutiquelumieresource.fr\/wp-content\/uploads\/2023\/05\/VITAMINEC_CODE_180x69_pullulan6001-263x300-1.jpg?fit=263%2C300&ssl=1","width":263,"height":300,"caption":"vitamine C"},{"@type":"BreadcrumbList","@id":"https:\/\/www.eboutiquelumieresource.fr\/index.php\/product\/vitamine-c\/#breadcrumb","itemListElement":[{"@type":"ListItem","position":1,"name":"Home","item":"https:\/\/www.eboutiquelumieresource.fr\/"},{"@type":"ListItem","position":2,"name":"Boutique","item":"https:\/\/www.eboutiquelumieresource.fr\/index.php\/boutique-lumiere-source-nature\/"},{"@type":"ListItem","position":3,"name":"Vitamine C"}]},{"@type":"WebSite","@id":"https:\/\/www.eboutiquelumieresource.fr\/#website","url":"https:\/\/www.eboutiquelumieresource.fr\/","name":"E.boutique Lumi\u00e8re Source et Nature","description":"Vos compl\u00e9ments alimentaires naturels","publisher":{"@id":"https:\/\/www.eboutiquelumieresource.fr\/#organization"},"potentialAction":[{"@type":"SearchAction","target":{"@type":"EntryPoint","urlTemplate":"https:\/\/www.eboutiquelumieresource.fr\/?s={search_term_string}"},"query-input":{"@type":"PropertyValueSpecification","valueRequired":true,"valueName":"search_term_string"}}],"inLanguage":"fr-CA"},{"@type":"Organization","@id":"https:\/\/www.eboutiquelumieresource.fr\/#organization","name":"E.boutique Lumi\u00e8re Source et Nature","url":"https:\/\/www.eboutiquelumieresource.fr\/","logo":{"@type":"ImageObject","inLanguage":"fr-CA","@id":"https:\/\/www.eboutiquelumieresource.fr\/#\/schema\/logo\/image\/","url":"https:\/\/i0.wp.com\/www.eboutiquelumieresource.fr\/wp-content\/uploads\/2023\/06\/logo-goutte-lumiere-source-et-nature-detoure.png?fit=256%2C263&ssl=1","contentUrl":"https:\/\/i0.wp.com\/www.eboutiquelumieresource.fr\/wp-content\/uploads\/2023\/06\/logo-goutte-lumiere-source-et-nature-detoure.png?fit=256%2C263&ssl=1","width":256,"height":263,"caption":"E.boutique Lumi\u00e8re Source et Nature"},"image":{"@id":"https:\/\/www.eboutiquelumieresource.fr\/#\/schema\/logo\/image\/"},"sameAs":["https:\/\/www.facebook.com\/lumieresourceetnat\/?ref=page_internal","https:\/\/www.instagram.com\/lumieresourceetnature\/"]}]}},"uagb_featured_image_src":{"full":["https:\/\/i0.wp.com\/www.eboutiquelumieresource.fr\/wp-content\/uploads\/2023\/05\/VITAMINEC_CODE_180x69_pullulan6001-263x300-1.jpg?fit=263%2C300&ssl=1",263,300,false],"thumbnail":["https:\/\/i0.wp.com\/www.eboutiquelumieresource.fr\/wp-content\/uploads\/2023\/05\/VITAMINEC_CODE_180x69_pullulan6001-263x300-1.jpg?resize=150%2C150&ssl=1",150,150,true],"medium":["https:\/\/i0.wp.com\/www.eboutiquelumieresource.fr\/wp-content\/uploads\/2023\/05\/VITAMINEC_CODE_180x69_pullulan6001-263x300-1.jpg?fit=263%2C300&ssl=1",263,300,true],"medium_large":["https:\/\/i0.wp.com\/www.eboutiquelumieresource.fr\/wp-content\/uploads\/2023\/05\/VITAMINEC_CODE_180x69_pullulan6001-263x300-1.jpg?fit=263%2C300&ssl=1",263,300,true],"large":["https:\/\/i0.wp.com\/www.eboutiquelumieresource.fr\/wp-content\/uploads\/2023\/05\/VITAMINEC_CODE_180x69_pullulan6001-263x300-1.jpg?fit=263%2C300&ssl=1",263,300,true],"1536x1536":["https:\/\/i0.wp.com\/www.eboutiquelumieresource.fr\/wp-content\/uploads\/2023\/05\/VITAMINEC_CODE_180x69_pullulan6001-263x300-1.jpg?fit=263%2C300&ssl=1",263,300,true],"2048x2048":["https:\/\/i0.wp.com\/www.eboutiquelumieresource.fr\/wp-content\/uploads\/2023\/05\/VITAMINEC_CODE_180x69_pullulan6001-263x300-1.jpg?fit=263%2C300&ssl=1",263,300,true],"woocommerce_thumbnail":["https:\/\/i0.wp.com\/www.eboutiquelumieresource.fr\/wp-content\/uploads\/2023\/05\/VITAMINEC_CODE_180x69_pullulan6001-263x300-1.jpg?resize=263%2C300&ssl=1",263,300,true],"woocommerce_single":["https:\/\/i0.wp.com\/www.eboutiquelumieresource.fr\/wp-content\/uploads\/2023\/05\/VITAMINEC_CODE_180x69_pullulan6001-263x300-1.jpg?fit=263%2C300&ssl=1",263,300,true],"woocommerce_gallery_thumbnail":["https:\/\/i0.wp.com\/www.eboutiquelumieresource.fr\/wp-content\/uploads\/2023\/05\/VITAMINEC_CODE_180x69_pullulan6001-263x300-1.jpg?resize=100%2C100&ssl=1",100,100,true]},"uagb_author_info":{"display_name":"admin6058","author_link":"https:\/\/www.eboutiquelumieresource.fr\/index.php\/author\/"},"uagb_comment_info":1,"uagb_excerpt":"Les bienfaits de la vitamine C sur l'organisme sont nombreux. La vitamine C contribue tout d'abord au bon fonctionnement du syst\u00e8me immunitaire. Ensuite, elle soutient le bon fonctionnement du syst\u00e8me nerveux et aide \u00e0 r\u00e9duire la fatigue. La vitamine C est aussi un fort pouvoir antioxydant qui participe \u00e0 lutter contre le stress oxydatif. Elle&hellip;","jetpack-related-posts":[{"id":395,"url":"https:\/\/www.eboutiquelumieresource.fr\/index.php\/product\/magnesium-marin-b6-anti-fatigue\/","url_meta":{"origin":423,"position":0},"title":"Magn\u00e9sium Marin B6","author":"admin6058","date":"29 mai 2023","format":false,"excerpt":"Le magn\u00e9sium est indispensable au fonctionnement du corps humain. Extrait de l'eau de mer et du sel qu'elle contient, le magn\u00e9sium marin contient tous les bienfaits du magn\u00e9sium sans les effets secondaires. Il a des effets relaxants sur le syst\u00e8me nerveux et les muscles. Il booste l'\u00e9nergie et aide \u00e0\u2026","rel":"","context":"Similar post","block_context":{"text":"Similar post","link":""},"img":{"alt_text":"","src":"https:\/\/i0.wp.com\/www.eboutiquelumieresource.fr\/wp-content\/uploads\/2023\/05\/MAGNESIUM-MARIN_B6_82MGMARB6_30gel_100ml-300x300-1.jpg?fit=300%2C300&ssl=1&resize=350%2C200","width":350,"height":200},"classes":[]},{"id":380,"url":"https:\/\/www.eboutiquelumieresource.fr\/index.php\/product\/glutathion-intracel-antioxydant\/","url_meta":{"origin":423,"position":1},"title":"Glutathion Intracel","author":"admin6058","date":"29 mai 2023","format":false,"excerpt":"Le glutathion intracel est un puissant antioxydant, il a des propri\u00e9t\u00e9s de d\u00e9toxification et c'est un tr\u00e8s bon antivieillissement. La glutathion est une prot\u00e9ine naturellement produite par l'organisme, il joue un r\u00f4le majeur dans le fonctionnement de celui-ci. Il est souvent pr\u00e9sent\u00e9 comme le plus important des antioxydants car il\u2026","rel":"","context":"Similar post","block_context":{"text":"Similar post","link":""},"img":{"alt_text":"GLUTATHION-INTRACEL compl\u00e9ment alimentaire OK La forme","src":"https:\/\/i0.wp.com\/gndvgah.cluster027.hosting.ovh.net\/wp-content\/uploads\/2023\/05\/GLUTATHION-INTRACEL_82GLU_300ml-300x300-1.jpg?resize=350%2C200","width":350,"height":200},"classes":[]},{"id":399,"url":"https:\/\/www.eboutiquelumieresource.fr\/index.php\/product\/n-acetyl-cysteine-nac-anti-oxydant\/","url_meta":{"origin":423,"position":2},"title":"N-Ac\u00e9tyl cyst\u00e9ine &#8211; NAC","author":"admin6058","date":"29 mai 2023","format":false,"excerpt":"N-ac\u00e9tyl cyst\u00e9ine est un d\u00e9riv\u00e9 de l'acide amin\u00e9 soufr\u00e9 L-cyst\u00e9ine. C'est un pr\u00e9curseur du glutathion, l'un des plus importants antioxydants de l'organisme. Il aide \u00e0 le d\u00e9toxifier. Son action est renforc\u00e9e par la vitamine C qui contribue \u00e0 prot\u00e9ger les cellules contre le stress oxydatif.","rel":"","context":"Similar post","block_context":{"text":"Similar post","link":""},"img":{"alt_text":"N_Acetyl_Cysteine compl\u00e9ment alimentaire OK La forme ","src":"https:\/\/i0.wp.com\/gndvgah.cluster027.hosting.ovh.net\/wp-content\/uploads\/2023\/05\/N_Acetyl_Cysteine_82CYST_150ml-300x300-1.jpg?resize=350%2C200","width":350,"height":200},"classes":[]},{"id":376,"url":"https:\/\/www.eboutiquelumieresource.fr\/index.php\/product\/gaba-vitamine-b6-endormissement-qualite-sommeil\/","url_meta":{"origin":423,"position":3},"title":"Gaba + vitamine B6","author":"admin6058","date":"29 mai 2023","format":false,"excerpt":"Le GABA est le principal neurotransmetteur inhibiteur du syst\u00e8me nerveux central. Il joue un r\u00f4le important chez l'adulte en emp\u00eachant l'activation prolong\u00e9s des neurones. Le GABA aide \u00e0 r\u00e9tablir l'\u00e9quilibre et \u00e0 maintenir une humeur normale. Il permet de limiter l'excitation ou l'irritabilit\u00e9. Il favorise \u00e9galement l'endormissement et contribue \u00e0\u2026","rel":"","context":"Similar post","block_context":{"text":"Similar post","link":""},"img":{"alt_text":"gaba compl\u00e9ment alimentaire OK la Forme","src":"https:\/\/i0.wp.com\/www.eboutiquelumieresource.fr\/wp-content\/uploads\/2023\/05\/GABA_82GABA120_150ml-300x300-1.jpg?resize=350%2C200&ssl=1","width":350,"height":200},"classes":[]},{"id":411,"url":"https:\/\/www.eboutiquelumieresource.fr\/index.php\/product\/psycho-emotionnel\/","url_meta":{"origin":423,"position":4},"title":"Psycho-\u00e9motionnel 200 g\u00e9l","author":"admin6058","date":"29 mai 2023","format":false,"excerpt":"Psycho-\u00e9motionnel associe la laitance de poisson et la vitamine B5 pour aider \u00e0 entretenir la m\u00e9moire et lutter contre la fatigue. Psycho-\u00e9motionnel est un alli\u00e9 id\u00e9al pour les \u00e9tudiants avant et pendant leurs examens, pour les personnes \u00e2g\u00e9es ainsi que toutes les personnes souhaitant entretenir leur m\u00e9moire. \u00a0","rel":"","context":"Similar post","block_context":{"text":"Similar post","link":""},"img":{"alt_text":"","src":"https:\/\/i0.wp.com\/gndvgah.cluster027.hosting.ovh.net\/wp-content\/uploads\/2023\/05\/PSYCHOEMO_CODE_180x69_pullulan-300x300-1.jpg?resize=350%2C200","width":350,"height":200},"classes":[]},{"id":251,"url":"https:\/\/www.eboutiquelumieresource.fr\/index.php\/product\/arthrose-reduction-genes-articulaires\/","url_meta":{"origin":423,"position":5},"title":"Arthrose +","author":"admin6058","date":"25 mai 2023","format":false,"excerpt":"L'arthrose + contribue \u00e0 r\u00e9duire les g\u00eanes articulaires gr\u00e2ce \u00e0 sa formule concentr\u00e9e en glucosamine, chondro\u00eftine, ortie, curcuma, vitamine C, mangan\u00e8se et cuivre. L'extrait de curcuma aide \u00e0 pr\u00e9server le cartilage articulaire. La vitamine C contribue \u00e0 la formation normale de collag\u00e8ne pour un fonctionnement optimal des articulations. Le mangan\u00e8se\u2026","rel":"","context":"Similar post","block_context":{"text":"Similar post","link":""},"img":{"alt_text":"ARTHROSE_Plus_150ml_150x69_PLA-300x300","src":"https:\/\/i0.wp.com\/www.eboutiquelumieresource.fr\/wp-content\/uploads\/2023\/05\/ARTHROSE_Plus_150ml_150x69_PLA-300x300-1.jpg?resize=350%2C200&ssl=1","width":350,"height":200},"classes":[]}],"_links":{"self":[{"href":"https:\/\/www.eboutiquelumieresource.fr\/index.php\/wp-json\/wp\/v2\/product\/423","targetHints":{"allow":["GET"]}}],"collection":[{"href":"https:\/\/www.eboutiquelumieresource.fr\/index.php\/wp-json\/wp\/v2\/product"}],"about":[{"href":"https:\/\/www.eboutiquelumieresource.fr\/index.php\/wp-json\/wp\/v2\/types\/product"}],"replies":[{"embeddable":true,"href":"https:\/\/www.eboutiquelumieresource.fr\/index.php\/wp-json\/wp\/v2\/comments?post=423"}],"wp:featuredmedia":[{"embeddable":true,"href":"https:\/\/www.eboutiquelumieresource.fr\/index.php\/wp-json\/wp\/v2\/media\/424"}],"wp:attachment":[{"href":"https:\/\/www.eboutiquelumieresource.fr\/index.php\/wp-json\/wp\/v2\/media?parent=423"}],"wp:term":[{"taxonomy":"product_brand","embeddable":true,"href":"https:\/\/www.eboutiquelumieresource.fr\/index.php\/wp-json\/wp\/v2\/product_brand?post=423"},{"taxonomy":"product_cat","embeddable":true,"href":"https:\/\/www.eboutiquelumieresource.fr\/index.php\/wp-json\/wp\/v2\/product_cat?post=423"},{"taxonomy":"product_tag","embeddable":true,"href":"https:\/\/www.eboutiquelumieresource.fr\/index.php\/wp-json\/wp\/v2\/product_tag?post=423"}],"curies":[{"name":"wp","href":"https:\/\/api.w.org\/{rel}","templated":true}]}}