{"id":380,"date":"2023-05-29T15:47:09","date_gmt":"2023-05-29T13:47:09","guid":{"rendered":"http:\/\/gndvgah.cluster027.hosting.ovh.net\/?post_type=product&#038;p=380"},"modified":"2023-09-12T12:29:29","modified_gmt":"2023-09-12T10:29:29","slug":"glutathion-intracel-antioxydant","status":"publish","type":"product","link":"https:\/\/www.eboutiquelumieresource.fr\/index.php\/product\/glutathion-intracel-antioxydant\/","title":{"rendered":"Glutathion Intracel"},"content":{"rendered":"<p>Le glutathion joue un r\u00f4le majeur dans l&rsquo;organisme puisqu&rsquo;il participe \u00e0 l&rsquo;activit\u00e9 d&rsquo;enzyme et de vitamines antioxydantes. Le Glutathion est associ\u00e9 \u00e0 des acides amin\u00e9s (L-cystine, cyst\u00e9ine, acide L-glutamique, glycine) qui jouent un r\u00f4le de pr\u00e9curseurs du glutathion et \u00e0 des extraits de plantes,\u00a0 chardon-Marie, millet et curcuma, qui aident \u00e0 maintenir l&rsquo;efficacit\u00e9 des d\u00e9fenses naturelles et pr\u00e9sentent des propri\u00e9t\u00e9s antioxydantes significatives. La vitamine C et le s\u00e9l\u00e9nium renforcent l&rsquo;activit\u00e9 du glutathion en contribuant \u00e0 prot\u00e9ger les cellules contre le stress oxydatif.<\/p>\n<p>Composition pour 4 g\u00e9lules :<\/p>\n<ul>\n<li>Eleuth\u00e9rocoque : 480 mg dont eleuth\u00e9rosides : 3,8 mg<\/li>\n<li>Glutathion r\u00e9duit : 254 mg<\/li>\n<li>Curcuma : 200 mg<\/li>\n<li>Extrait de chardon- Marie : 200 mg dont silymarine : 160 mg<\/li>\n<li>Acide glutamique : 120 mg<\/li>\n<li>N-ac\u00e9tyl-L-cyst\u00e9ine : 120 mg<\/li>\n<li>Glycine : 120 mg<\/li>\n<li>Vitamine C : 80 mg (100%*)<\/li>\n<li>S\u00e9l\u00e9nium : 55*g (100%*)<\/li>\n<\/ul>\n<p>(*Valeurs nutritionnelles de r\u00e9f\u00e9rence)<\/p>\n<p>Notre conseil :<\/p>\n<ul>\n<li>cure de 2 mois<\/li>\n<li>4 g\u00e9lules par jours avec un verre d&rsquo;eau<\/li>\n<\/ul>\n<p><img data-recalc-dims=\"1\" fetchpriority=\"high\" decoding=\"async\" class=\"alignnone size-full wp-image-381\" src=\"https:\/\/i0.wp.com\/gndvgah.cluster027.hosting.ovh.net\/wp-content\/uploads\/2023\/05\/GLUTATHION-INTRACEL_82GLU_300ml-300x300-1.jpg?resize=300%2C300\" alt=\"GLUTATHION-INTRACEL compl\u00e9ment alimentaire OK La forme\" width=\"300\" height=\"300\" srcset=\"https:\/\/i0.wp.com\/www.eboutiquelumieresource.fr\/wp-content\/uploads\/2023\/05\/GLUTATHION-INTRACEL_82GLU_300ml-300x300-1.jpg?w=300&amp;ssl=1 300w, https:\/\/i0.wp.com\/www.eboutiquelumieresource.fr\/wp-content\/uploads\/2023\/05\/GLUTATHION-INTRACEL_82GLU_300ml-300x300-1.jpg?resize=150%2C150&amp;ssl=1 150w, https:\/\/i0.wp.com\/www.eboutiquelumieresource.fr\/wp-content\/uploads\/2023\/05\/GLUTATHION-INTRACEL_82GLU_300ml-300x300-1.jpg?resize=100%2C100&amp;ssl=1 100w\" sizes=\"(max-width: 300px) 100vw, 300px\" \/><\/p>\n","protected":false},"excerpt":{"rendered":"<p>Le glutathion intracel est un puissant antioxydant, il a des propri\u00e9t\u00e9s de d\u00e9toxification et c&rsquo;est un tr\u00e8s bon antivieillissement. La glutathion est une prot\u00e9ine naturellement produite par l&rsquo;organisme, il joue un r\u00f4le majeur dans le fonctionnement de celui-ci. Il est souvent pr\u00e9sent\u00e9 comme le plus important des antioxydants car il aide \u00e0 prot\u00e9ger les cellules de l&rsquo;organisme contre les effets des radicaux libres. C&rsquo;est un tripeptide qui est compos\u00e9 de trois acides amin\u00e9s : le glutamate, la cyst\u00e9ine et la glycine. Le glutathion peut aussi stimuler d&rsquo;autres processus de d\u00e9fense. Il favorise l&rsquo;activit\u00e9 d&rsquo;autres oxydants.<\/p>\n<p>Le glutathion intracel est m\u00e9lang\u00e9 \u00e0 des extraits de plantes, le chardon-Marie et le curcuma qui aident \u00e0 maintenir l&rsquo;efficacit\u00e9 des d\u00e9fenses naturelles. Elles participent aussi \u00e0 l&rsquo;\u00e9limination de nombreux compos\u00e9s toxiques pour l&rsquo;organisme. Associ\u00e9 \u00e9galement avec la vitamine C et du s\u00e9l\u00e9nium, ces compos\u00e9s renforcent l&rsquo;activit\u00e9 du glutathion. Ils contribuent \u00e0 prot\u00e9ger les cellules contre le stress oxydatif.<\/p>\n","protected":false},"featured_media":381,"comment_status":"open","ping_status":"closed","template":"","meta":{"_uag_custom_page_level_css":"","_kadence_starter_templates_imported_post":false,"_kad_post_transparent":"default","_kad_post_title":"","_kad_post_layout":"default","_kad_post_sidebar_id":"","_kad_post_content_style":"default","_kad_post_vertical_padding":"default","_kad_post_feature":"","_kad_post_feature_position":"","_kad_post_header":false,"_kad_post_footer":false,"_kad_post_classname":""},"product_brand":[],"product_cat":[21],"product_tag":[33],"class_list":{"0":"post-380","1":"product","2":"type-product","3":"status-publish","4":"has-post-thumbnail","6":"product_cat-concentrationanti-fatigue","7":"product_tag-180-gelules","9":"first","10":"instock","11":"taxable","12":"shipping-taxable","13":"purchasable","14":"product-type-simple","15":"entry","16":"content-bg","17":"loop-entry"},"yoast_head":"<!-- This site is optimized with the Yoast SEO plugin v27.4 - https:\/\/yoast.com\/product\/yoast-seo-wordpress\/ -->\n<title>Glutathion Intracel - antioxydant - E.boutique Lumi\u00e8re Source et Nature<\/title>\n<meta name=\"description\" content=\"Le glutathion Intracel aident \u00e0 maintenir l&#039;efficacit\u00e9 des d\u00e9fenses naturelles et pr\u00e9sentent des propri\u00e9t\u00e9s antioxydantes significatives.\" \/>\n<meta name=\"robots\" content=\"index, follow, max-snippet:-1, max-image-preview:large, max-video-preview:-1\" \/>\n<link rel=\"canonical\" href=\"https:\/\/www.eboutiquelumieresource.fr\/index.php\/product\/glutathion-intracel-antioxydant\/\" \/>\n<meta property=\"og:locale\" content=\"fr_CA\" \/>\n<meta property=\"og:type\" content=\"article\" \/>\n<meta property=\"og:title\" content=\"Glutathion Intracel - antioxydant - E.boutique Lumi\u00e8re Source et Nature\" \/>\n<meta property=\"og:description\" content=\"Le glutathion Intracel aident \u00e0 maintenir l&#039;efficacit\u00e9 des d\u00e9fenses naturelles et pr\u00e9sentent des propri\u00e9t\u00e9s antioxydantes significatives.\" \/>\n<meta property=\"og:url\" content=\"https:\/\/www.eboutiquelumieresource.fr\/index.php\/product\/glutathion-intracel-antioxydant\/\" \/>\n<meta property=\"og:site_name\" content=\"E.boutique Lumi\u00e8re Source et Nature\" \/>\n<meta property=\"article:publisher\" content=\"https:\/\/www.facebook.com\/lumieresourceetnat\/?ref=page_internal\" \/>\n<meta property=\"article:modified_time\" content=\"2023-09-12T10:29:29+00:00\" \/>\n<meta property=\"og:image\" content=\"https:\/\/www.eboutiquelumieresource.fr\/wp-content\/uploads\/2023\/05\/GLUTATHION-INTRACEL_82GLU_300ml-300x300-1.jpg\" \/>\n\t<meta property=\"og:image:width\" content=\"300\" \/>\n\t<meta property=\"og:image:height\" content=\"300\" \/>\n\t<meta property=\"og:image:type\" content=\"image\/jpeg\" \/>\n<meta name=\"twitter:card\" content=\"summary_large_image\" \/>\n<meta name=\"twitter:label1\" content=\"Estimation du temps de lecture\" \/>\n\t<meta name=\"twitter:data1\" content=\"1 minute\" \/>\n<script type=\"application\/ld+json\" class=\"yoast-schema-graph\">{\"@context\":\"https:\\\/\\\/schema.org\",\"@graph\":[{\"@type\":\"WebPage\",\"@id\":\"https:\\\/\\\/www.eboutiquelumieresource.fr\\\/index.php\\\/product\\\/glutathion-intracel-antioxydant\\\/\",\"url\":\"https:\\\/\\\/www.eboutiquelumieresource.fr\\\/index.php\\\/product\\\/glutathion-intracel-antioxydant\\\/\",\"name\":\"Glutathion Intracel - antioxydant - E.boutique Lumi\u00e8re Source et Nature\",\"isPartOf\":{\"@id\":\"https:\\\/\\\/www.eboutiquelumieresource.fr\\\/#website\"},\"primaryImageOfPage\":{\"@id\":\"https:\\\/\\\/www.eboutiquelumieresource.fr\\\/index.php\\\/product\\\/glutathion-intracel-antioxydant\\\/#primaryimage\"},\"image\":{\"@id\":\"https:\\\/\\\/www.eboutiquelumieresource.fr\\\/index.php\\\/product\\\/glutathion-intracel-antioxydant\\\/#primaryimage\"},\"thumbnailUrl\":\"https:\\\/\\\/i0.wp.com\\\/www.eboutiquelumieresource.fr\\\/wp-content\\\/uploads\\\/2023\\\/05\\\/GLUTATHION-INTRACEL_82GLU_300ml-300x300-1.jpg?fit=300%2C300&ssl=1\",\"datePublished\":\"2023-05-29T13:47:09+00:00\",\"dateModified\":\"2023-09-12T10:29:29+00:00\",\"description\":\"Le glutathion Intracel aident \u00e0 maintenir l'efficacit\u00e9 des d\u00e9fenses naturelles et pr\u00e9sentent des propri\u00e9t\u00e9s antioxydantes significatives.\",\"breadcrumb\":{\"@id\":\"https:\\\/\\\/www.eboutiquelumieresource.fr\\\/index.php\\\/product\\\/glutathion-intracel-antioxydant\\\/#breadcrumb\"},\"inLanguage\":\"fr-CA\",\"potentialAction\":[{\"@type\":\"ReadAction\",\"target\":[\"https:\\\/\\\/www.eboutiquelumieresource.fr\\\/index.php\\\/product\\\/glutathion-intracel-antioxydant\\\/\"]}]},{\"@type\":\"ImageObject\",\"inLanguage\":\"fr-CA\",\"@id\":\"https:\\\/\\\/www.eboutiquelumieresource.fr\\\/index.php\\\/product\\\/glutathion-intracel-antioxydant\\\/#primaryimage\",\"url\":\"https:\\\/\\\/i0.wp.com\\\/www.eboutiquelumieresource.fr\\\/wp-content\\\/uploads\\\/2023\\\/05\\\/GLUTATHION-INTRACEL_82GLU_300ml-300x300-1.jpg?fit=300%2C300&ssl=1\",\"contentUrl\":\"https:\\\/\\\/i0.wp.com\\\/www.eboutiquelumieresource.fr\\\/wp-content\\\/uploads\\\/2023\\\/05\\\/GLUTATHION-INTRACEL_82GLU_300ml-300x300-1.jpg?fit=300%2C300&ssl=1\",\"width\":300,\"height\":300,\"caption\":\"GLUTATHION-INTRACEL compl\u00e9ment alimentaire OK La forme\"},{\"@type\":\"BreadcrumbList\",\"@id\":\"https:\\\/\\\/www.eboutiquelumieresource.fr\\\/index.php\\\/product\\\/glutathion-intracel-antioxydant\\\/#breadcrumb\",\"itemListElement\":[{\"@type\":\"ListItem\",\"position\":1,\"name\":\"Home\",\"item\":\"https:\\\/\\\/www.eboutiquelumieresource.fr\\\/\"},{\"@type\":\"ListItem\",\"position\":2,\"name\":\"Boutique\",\"item\":\"https:\\\/\\\/www.eboutiquelumieresource.fr\\\/index.php\\\/boutique-lumiere-source-nature\\\/\"},{\"@type\":\"ListItem\",\"position\":3,\"name\":\"Glutathion Intracel\"}]},{\"@type\":\"WebSite\",\"@id\":\"https:\\\/\\\/www.eboutiquelumieresource.fr\\\/#website\",\"url\":\"https:\\\/\\\/www.eboutiquelumieresource.fr\\\/\",\"name\":\"E.boutique Lumi\u00e8re Source et Nature\",\"description\":\"Vos compl\u00e9ments alimentaires naturels\",\"publisher\":{\"@id\":\"https:\\\/\\\/www.eboutiquelumieresource.fr\\\/#organization\"},\"potentialAction\":[{\"@type\":\"SearchAction\",\"target\":{\"@type\":\"EntryPoint\",\"urlTemplate\":\"https:\\\/\\\/www.eboutiquelumieresource.fr\\\/?s={search_term_string}\"},\"query-input\":{\"@type\":\"PropertyValueSpecification\",\"valueRequired\":true,\"valueName\":\"search_term_string\"}}],\"inLanguage\":\"fr-CA\"},{\"@type\":\"Organization\",\"@id\":\"https:\\\/\\\/www.eboutiquelumieresource.fr\\\/#organization\",\"name\":\"E.boutique Lumi\u00e8re Source et Nature\",\"url\":\"https:\\\/\\\/www.eboutiquelumieresource.fr\\\/\",\"logo\":{\"@type\":\"ImageObject\",\"inLanguage\":\"fr-CA\",\"@id\":\"https:\\\/\\\/www.eboutiquelumieresource.fr\\\/#\\\/schema\\\/logo\\\/image\\\/\",\"url\":\"https:\\\/\\\/i0.wp.com\\\/www.eboutiquelumieresource.fr\\\/wp-content\\\/uploads\\\/2023\\\/06\\\/logo-goutte-lumiere-source-et-nature-detoure.png?fit=256%2C263&ssl=1\",\"contentUrl\":\"https:\\\/\\\/i0.wp.com\\\/www.eboutiquelumieresource.fr\\\/wp-content\\\/uploads\\\/2023\\\/06\\\/logo-goutte-lumiere-source-et-nature-detoure.png?fit=256%2C263&ssl=1\",\"width\":256,\"height\":263,\"caption\":\"E.boutique Lumi\u00e8re Source et Nature\"},\"image\":{\"@id\":\"https:\\\/\\\/www.eboutiquelumieresource.fr\\\/#\\\/schema\\\/logo\\\/image\\\/\"},\"sameAs\":[\"https:\\\/\\\/www.facebook.com\\\/lumieresourceetnat\\\/?ref=page_internal\",\"https:\\\/\\\/www.instagram.com\\\/lumieresourceetnature\\\/\"]}]}<\/script>\n<!-- \/ Yoast SEO plugin. -->","yoast_head_json":{"title":"Glutathion Intracel - antioxydant - E.boutique Lumi\u00e8re Source et Nature","description":"Le glutathion Intracel aident \u00e0 maintenir l'efficacit\u00e9 des d\u00e9fenses naturelles et pr\u00e9sentent des propri\u00e9t\u00e9s antioxydantes significatives.","robots":{"index":"index","follow":"follow","max-snippet":"max-snippet:-1","max-image-preview":"max-image-preview:large","max-video-preview":"max-video-preview:-1"},"canonical":"https:\/\/www.eboutiquelumieresource.fr\/index.php\/product\/glutathion-intracel-antioxydant\/","og_locale":"fr_CA","og_type":"article","og_title":"Glutathion Intracel - antioxydant - E.boutique Lumi\u00e8re Source et Nature","og_description":"Le glutathion Intracel aident \u00e0 maintenir l'efficacit\u00e9 des d\u00e9fenses naturelles et pr\u00e9sentent des propri\u00e9t\u00e9s antioxydantes significatives.","og_url":"https:\/\/www.eboutiquelumieresource.fr\/index.php\/product\/glutathion-intracel-antioxydant\/","og_site_name":"E.boutique Lumi\u00e8re Source et Nature","article_publisher":"https:\/\/www.facebook.com\/lumieresourceetnat\/?ref=page_internal","article_modified_time":"2023-09-12T10:29:29+00:00","og_image":[{"width":300,"height":300,"url":"https:\/\/www.eboutiquelumieresource.fr\/wp-content\/uploads\/2023\/05\/GLUTATHION-INTRACEL_82GLU_300ml-300x300-1.jpg","type":"image\/jpeg"}],"twitter_card":"summary_large_image","twitter_misc":{"Estimation du temps de lecture":"1 minute"},"schema":{"@context":"https:\/\/schema.org","@graph":[{"@type":"WebPage","@id":"https:\/\/www.eboutiquelumieresource.fr\/index.php\/product\/glutathion-intracel-antioxydant\/","url":"https:\/\/www.eboutiquelumieresource.fr\/index.php\/product\/glutathion-intracel-antioxydant\/","name":"Glutathion Intracel - antioxydant - E.boutique Lumi\u00e8re Source et Nature","isPartOf":{"@id":"https:\/\/www.eboutiquelumieresource.fr\/#website"},"primaryImageOfPage":{"@id":"https:\/\/www.eboutiquelumieresource.fr\/index.php\/product\/glutathion-intracel-antioxydant\/#primaryimage"},"image":{"@id":"https:\/\/www.eboutiquelumieresource.fr\/index.php\/product\/glutathion-intracel-antioxydant\/#primaryimage"},"thumbnailUrl":"https:\/\/i0.wp.com\/www.eboutiquelumieresource.fr\/wp-content\/uploads\/2023\/05\/GLUTATHION-INTRACEL_82GLU_300ml-300x300-1.jpg?fit=300%2C300&ssl=1","datePublished":"2023-05-29T13:47:09+00:00","dateModified":"2023-09-12T10:29:29+00:00","description":"Le glutathion Intracel aident \u00e0 maintenir l'efficacit\u00e9 des d\u00e9fenses naturelles et pr\u00e9sentent des propri\u00e9t\u00e9s antioxydantes significatives.","breadcrumb":{"@id":"https:\/\/www.eboutiquelumieresource.fr\/index.php\/product\/glutathion-intracel-antioxydant\/#breadcrumb"},"inLanguage":"fr-CA","potentialAction":[{"@type":"ReadAction","target":["https:\/\/www.eboutiquelumieresource.fr\/index.php\/product\/glutathion-intracel-antioxydant\/"]}]},{"@type":"ImageObject","inLanguage":"fr-CA","@id":"https:\/\/www.eboutiquelumieresource.fr\/index.php\/product\/glutathion-intracel-antioxydant\/#primaryimage","url":"https:\/\/i0.wp.com\/www.eboutiquelumieresource.fr\/wp-content\/uploads\/2023\/05\/GLUTATHION-INTRACEL_82GLU_300ml-300x300-1.jpg?fit=300%2C300&ssl=1","contentUrl":"https:\/\/i0.wp.com\/www.eboutiquelumieresource.fr\/wp-content\/uploads\/2023\/05\/GLUTATHION-INTRACEL_82GLU_300ml-300x300-1.jpg?fit=300%2C300&ssl=1","width":300,"height":300,"caption":"GLUTATHION-INTRACEL compl\u00e9ment alimentaire OK La forme"},{"@type":"BreadcrumbList","@id":"https:\/\/www.eboutiquelumieresource.fr\/index.php\/product\/glutathion-intracel-antioxydant\/#breadcrumb","itemListElement":[{"@type":"ListItem","position":1,"name":"Home","item":"https:\/\/www.eboutiquelumieresource.fr\/"},{"@type":"ListItem","position":2,"name":"Boutique","item":"https:\/\/www.eboutiquelumieresource.fr\/index.php\/boutique-lumiere-source-nature\/"},{"@type":"ListItem","position":3,"name":"Glutathion Intracel"}]},{"@type":"WebSite","@id":"https:\/\/www.eboutiquelumieresource.fr\/#website","url":"https:\/\/www.eboutiquelumieresource.fr\/","name":"E.boutique Lumi\u00e8re Source et Nature","description":"Vos compl\u00e9ments alimentaires naturels","publisher":{"@id":"https:\/\/www.eboutiquelumieresource.fr\/#organization"},"potentialAction":[{"@type":"SearchAction","target":{"@type":"EntryPoint","urlTemplate":"https:\/\/www.eboutiquelumieresource.fr\/?s={search_term_string}"},"query-input":{"@type":"PropertyValueSpecification","valueRequired":true,"valueName":"search_term_string"}}],"inLanguage":"fr-CA"},{"@type":"Organization","@id":"https:\/\/www.eboutiquelumieresource.fr\/#organization","name":"E.boutique Lumi\u00e8re Source et Nature","url":"https:\/\/www.eboutiquelumieresource.fr\/","logo":{"@type":"ImageObject","inLanguage":"fr-CA","@id":"https:\/\/www.eboutiquelumieresource.fr\/#\/schema\/logo\/image\/","url":"https:\/\/i0.wp.com\/www.eboutiquelumieresource.fr\/wp-content\/uploads\/2023\/06\/logo-goutte-lumiere-source-et-nature-detoure.png?fit=256%2C263&ssl=1","contentUrl":"https:\/\/i0.wp.com\/www.eboutiquelumieresource.fr\/wp-content\/uploads\/2023\/06\/logo-goutte-lumiere-source-et-nature-detoure.png?fit=256%2C263&ssl=1","width":256,"height":263,"caption":"E.boutique Lumi\u00e8re Source et Nature"},"image":{"@id":"https:\/\/www.eboutiquelumieresource.fr\/#\/schema\/logo\/image\/"},"sameAs":["https:\/\/www.facebook.com\/lumieresourceetnat\/?ref=page_internal","https:\/\/www.instagram.com\/lumieresourceetnature\/"]}]}},"uagb_featured_image_src":{"full":["https:\/\/i0.wp.com\/www.eboutiquelumieresource.fr\/wp-content\/uploads\/2023\/05\/GLUTATHION-INTRACEL_82GLU_300ml-300x300-1.jpg?fit=300%2C300&ssl=1",300,300,false],"thumbnail":["https:\/\/i0.wp.com\/www.eboutiquelumieresource.fr\/wp-content\/uploads\/2023\/05\/GLUTATHION-INTRACEL_82GLU_300ml-300x300-1.jpg?resize=150%2C150&ssl=1",150,150,true],"medium":["https:\/\/i0.wp.com\/www.eboutiquelumieresource.fr\/wp-content\/uploads\/2023\/05\/GLUTATHION-INTRACEL_82GLU_300ml-300x300-1.jpg?fit=300%2C300&ssl=1",300,300,true],"medium_large":["https:\/\/i0.wp.com\/www.eboutiquelumieresource.fr\/wp-content\/uploads\/2023\/05\/GLUTATHION-INTRACEL_82GLU_300ml-300x300-1.jpg?fit=300%2C300&ssl=1",300,300,true],"large":["https:\/\/i0.wp.com\/www.eboutiquelumieresource.fr\/wp-content\/uploads\/2023\/05\/GLUTATHION-INTRACEL_82GLU_300ml-300x300-1.jpg?fit=300%2C300&ssl=1",300,300,true],"1536x1536":["https:\/\/i0.wp.com\/www.eboutiquelumieresource.fr\/wp-content\/uploads\/2023\/05\/GLUTATHION-INTRACEL_82GLU_300ml-300x300-1.jpg?fit=300%2C300&ssl=1",300,300,true],"2048x2048":["https:\/\/i0.wp.com\/www.eboutiquelumieresource.fr\/wp-content\/uploads\/2023\/05\/GLUTATHION-INTRACEL_82GLU_300ml-300x300-1.jpg?fit=300%2C300&ssl=1",300,300,true],"woocommerce_thumbnail":["https:\/\/i0.wp.com\/www.eboutiquelumieresource.fr\/wp-content\/uploads\/2023\/05\/GLUTATHION-INTRACEL_82GLU_300ml-300x300-1.jpg?resize=300%2C300&ssl=1",300,300,true],"woocommerce_single":["https:\/\/i0.wp.com\/www.eboutiquelumieresource.fr\/wp-content\/uploads\/2023\/05\/GLUTATHION-INTRACEL_82GLU_300ml-300x300-1.jpg?fit=300%2C300&ssl=1",300,300,true],"woocommerce_gallery_thumbnail":["https:\/\/i0.wp.com\/www.eboutiquelumieresource.fr\/wp-content\/uploads\/2023\/05\/GLUTATHION-INTRACEL_82GLU_300ml-300x300-1.jpg?resize=100%2C100&ssl=1",100,100,true]},"uagb_author_info":{"display_name":"admin6058","author_link":"https:\/\/www.eboutiquelumieresource.fr\/index.php\/author\/"},"uagb_comment_info":0,"uagb_excerpt":"Le glutathion intracel est un puissant antioxydant, il a des propri\u00e9t\u00e9s de d\u00e9toxification et c'est un tr\u00e8s bon antivieillissement. La glutathion est une prot\u00e9ine naturellement produite par l'organisme, il joue un r\u00f4le majeur dans le fonctionnement de celui-ci. Il est souvent pr\u00e9sent\u00e9 comme le plus important des antioxydants car il aide \u00e0 prot\u00e9ger les cellules&hellip;","jetpack-related-posts":[{"id":251,"url":"https:\/\/www.eboutiquelumieresource.fr\/index.php\/product\/arthrose-reduction-genes-articulaires\/","url_meta":{"origin":380,"position":0},"title":"Arthrose +","author":"admin6058","date":"25 mai 2023","format":false,"excerpt":"L'arthrose + contribue \u00e0 r\u00e9duire les g\u00eanes articulaires gr\u00e2ce \u00e0 sa formule concentr\u00e9e en glucosamine, chondro\u00eftine, ortie, curcuma, vitamine C, mangan\u00e8se et cuivre. L'extrait de curcuma aide \u00e0 pr\u00e9server le cartilage articulaire. La vitamine C contribue \u00e0 la formation normale de collag\u00e8ne pour un fonctionnement optimal des articulations. Le mangan\u00e8se\u2026","rel":"","context":"Similar post","block_context":{"text":"Similar post","link":""},"img":{"alt_text":"ARTHROSE_Plus_150ml_150x69_PLA-300x300","src":"https:\/\/i0.wp.com\/www.eboutiquelumieresource.fr\/wp-content\/uploads\/2023\/05\/ARTHROSE_Plus_150ml_150x69_PLA-300x300-1.jpg?resize=350%2C200&ssl=1","width":350,"height":200},"classes":[]},{"id":358,"url":"https:\/\/www.eboutiquelumieresource.fr\/index.php\/product\/curpi\/","url_meta":{"origin":380,"position":1},"title":"CURPI +","author":"admin6058","date":"26 mai 2023","format":false,"excerpt":"Le curcumine pip\u00e9rine aide \u00e0 maintenir la sant\u00e9 des articulations et des os. La curcumine (principe actif du curcuma) poss\u00e8de de nombreux bienfaits. Elle soutient l'activit\u00e9 antioxydante et aide \u00e0 ralentir les signes du vieillissement. Elle aide \u00e9galement \u00e0 r\u00e9duire les inconforts articulaires et favorise la mobilit\u00e9. Le Curcumine pip\u00e9rine\u2026","rel":"","context":"Similar post","block_context":{"text":"Similar post","link":""},"img":{"alt_text":"curpi+ compl\u00e9ment alimentaire OK la Forme articulation et ossature","src":"https:\/\/i0.wp.com\/www.eboutiquelumieresource.fr\/wp-content\/uploads\/2023\/05\/CURPI_Plus_150ml_150x69_PLA.jpg?fit=400%2C400&ssl=1&resize=350%2C200","width":350,"height":200},"classes":[]},{"id":411,"url":"https:\/\/www.eboutiquelumieresource.fr\/index.php\/product\/psycho-emotionnel\/","url_meta":{"origin":380,"position":2},"title":"Psycho-\u00e9motionnel 200 g\u00e9l","author":"admin6058","date":"29 mai 2023","format":false,"excerpt":"Psycho-\u00e9motionnel associe la laitance de poisson et la vitamine B5 pour aider \u00e0 entretenir la m\u00e9moire et lutter contre la fatigue. Psycho-\u00e9motionnel est un alli\u00e9 id\u00e9al pour les \u00e9tudiants avant et pendant leurs examens, pour les personnes \u00e2g\u00e9es ainsi que toutes les personnes souhaitant entretenir leur m\u00e9moire. \u00a0","rel":"","context":"Similar post","block_context":{"text":"Similar post","link":""},"img":{"alt_text":"","src":"https:\/\/i0.wp.com\/gndvgah.cluster027.hosting.ovh.net\/wp-content\/uploads\/2023\/05\/PSYCHOEMO_CODE_180x69_pullulan-300x300-1.jpg?resize=350%2C200","width":350,"height":200},"classes":[]},{"id":364,"url":"https:\/\/www.eboutiquelumieresource.fr\/index.php\/product\/detox-foie-complement-alimentaire-ok-la-forme\/","url_meta":{"origin":380,"position":3},"title":"D\u00e9tox foie 200 G\u00e9lules- Bon fonctionnement du foie","author":"admin6058","date":"29 mai 2023","format":false,"excerpt":"Le Foie D\u00e9tox contribue au bon fonctionnement du foie. Il facilite la digestion et assainit l'organisme gr\u00e2ce \u00e0 ces trois compos\u00e9s : le chardon-marie est une plante digestive et connue pour ses vertus protectrices du foie. C'est un tr\u00e8s bon d\u00e9toxifiant. les extraits d'artichaut et de radis noir ont une\u2026","rel":"","context":"Similar post","block_context":{"text":"Similar post","link":""},"img":{"alt_text":"Flacon 200 g\u00e9lules D\u00e9tox foie","src":"https:\/\/i0.wp.com\/www.eboutiquelumieresource.fr\/wp-content\/uploads\/2023\/05\/petite-Capture-fococlipping-standard.jpeg?resize=350%2C200&ssl=1","width":350,"height":200},"classes":[]},{"id":399,"url":"https:\/\/www.eboutiquelumieresource.fr\/index.php\/product\/n-acetyl-cysteine-nac-anti-oxydant\/","url_meta":{"origin":380,"position":4},"title":"N-Ac\u00e9tyl cyst\u00e9ine &#8211; NAC","author":"admin6058","date":"29 mai 2023","format":false,"excerpt":"N-ac\u00e9tyl cyst\u00e9ine est un d\u00e9riv\u00e9 de l'acide amin\u00e9 soufr\u00e9 L-cyst\u00e9ine. C'est un pr\u00e9curseur du glutathion, l'un des plus importants antioxydants de l'organisme. Il aide \u00e0 le d\u00e9toxifier. Son action est renforc\u00e9e par la vitamine C qui contribue \u00e0 prot\u00e9ger les cellules contre le stress oxydatif.","rel":"","context":"Similar post","block_context":{"text":"Similar post","link":""},"img":{"alt_text":"N_Acetyl_Cysteine compl\u00e9ment alimentaire OK La forme ","src":"https:\/\/i0.wp.com\/gndvgah.cluster027.hosting.ovh.net\/wp-content\/uploads\/2023\/05\/N_Acetyl_Cysteine_82CYST_150ml-300x300-1.jpg?resize=350%2C200","width":350,"height":200},"classes":[]},{"id":393,"url":"https:\/\/www.eboutiquelumieresource.fr\/index.php\/product\/keratine-fortifiant-ongle-et-cheveux\/","url_meta":{"origin":380,"position":5},"title":"K\u00e9ratine &#8211; compl\u00e9ment alimentaire","author":"admin6058","date":"29 mai 2023","format":false,"excerpt":"La k\u00e9ratine est une prot\u00e9ine fibreuse pr\u00e9sente sur la peau, les cheveux et les ongles. Elle les prot\u00e8ge de nombreux facteurs ext\u00e9rieurs qui les agressent comme les rayons UV ou encore l'eau de mer. La K\u00e9ratine est \u00e9galement utilis\u00e9e en compl\u00e9ment car elle permet de fortifier les ongles et les\u2026","rel":"","context":"Similar post","block_context":{"text":"Similar post","link":""},"img":{"alt_text":"k\u00e9ratine compl\u00e9ment alimentaire Ok La forme","src":"https:\/\/i0.wp.com\/gndvgah.cluster027.hosting.ovh.net\/wp-content\/uploads\/2023\/05\/Keratine_300ml_180x69-300x300-1.jpg?resize=350%2C200","width":350,"height":200},"classes":[]}],"_links":{"self":[{"href":"https:\/\/www.eboutiquelumieresource.fr\/index.php\/wp-json\/wp\/v2\/product\/380","targetHints":{"allow":["GET"]}}],"collection":[{"href":"https:\/\/www.eboutiquelumieresource.fr\/index.php\/wp-json\/wp\/v2\/product"}],"about":[{"href":"https:\/\/www.eboutiquelumieresource.fr\/index.php\/wp-json\/wp\/v2\/types\/product"}],"replies":[{"embeddable":true,"href":"https:\/\/www.eboutiquelumieresource.fr\/index.php\/wp-json\/wp\/v2\/comments?post=380"}],"wp:featuredmedia":[{"embeddable":true,"href":"https:\/\/www.eboutiquelumieresource.fr\/index.php\/wp-json\/wp\/v2\/media\/381"}],"wp:attachment":[{"href":"https:\/\/www.eboutiquelumieresource.fr\/index.php\/wp-json\/wp\/v2\/media?parent=380"}],"wp:term":[{"taxonomy":"product_brand","embeddable":true,"href":"https:\/\/www.eboutiquelumieresource.fr\/index.php\/wp-json\/wp\/v2\/product_brand?post=380"},{"taxonomy":"product_cat","embeddable":true,"href":"https:\/\/www.eboutiquelumieresource.fr\/index.php\/wp-json\/wp\/v2\/product_cat?post=380"},{"taxonomy":"product_tag","embeddable":true,"href":"https:\/\/www.eboutiquelumieresource.fr\/index.php\/wp-json\/wp\/v2\/product_tag?post=380"}],"curies":[{"name":"wp","href":"https:\/\/api.w.org\/{rel}","templated":true}]}}