{"id":366,"date":"2023-05-29T15:17:39","date_gmt":"2023-05-29T13:17:39","guid":{"rendered":"http:\/\/gndvgah.cluster027.hosting.ovh.net\/?post_type=product&#038;p=366"},"modified":"2023-09-15T11:00:33","modified_gmt":"2023-09-15T09:00:33","slug":"fexcit-energie-sexuelle-feminine-libido","status":"publish","type":"product","link":"https:\/\/www.eboutiquelumieresource.fr\/index.php\/product\/fexcit-energie-sexuelle-feminine-libido\/","title":{"rendered":"F&rsquo;Excit"},"content":{"rendered":"<p><span style=\"vertical-align: inherit;\"><span style=\"vertical-align: inherit;\">La maca est une source d&rsquo;\u00e9nergie. <\/span><span style=\"vertical-align: inherit;\">Aphrodisiaque, elle stimule le d\u00e9sir sexuel.<\/span><\/span><\/p>\n<p><span style=\"vertical-align: inherit;\"><span style=\"vertical-align: inherit;\">L&rsquo;\u00e9leuth\u00e9rocoque et la maca am\u00e9lioreraient les performances physiques et intellectuelles.<\/span><\/span><\/p>\n<p><span style=\"vertical-align: inherit;\"><span style=\"vertical-align: inherit;\">Composition pour 6 g\u00e9lules :<\/span><\/span><\/p>\n<ul>\n<li><span style=\"vertical-align: inherit;\"><span style=\"vertical-align: inherit;\">Maca : 1500mg<\/span><\/span><\/li>\n<li><span style=\"vertical-align: inherit;\"><span style=\"vertical-align: inherit;\">\u00c9leuth\u00e9rocoque : 450mg<\/span><\/span><\/li>\n<li><img data-recalc-dims=\"1\" decoding=\"async\" class=\"alignnone wp-image-1624\" src=\"https:\/\/i0.wp.com\/lumieresourcenature.fr\/wp-content\/uploads\/2022\/08\/AB-300x214.png?resize=102%2C73&#038;ssl=1\" alt=\"certification bio\" width=\"102\" height=\"73\" \/><\/li>\n<\/ul>\n<p><span style=\"vertical-align: inherit;\"><span style=\"vertical-align: inherit;\">Notre conseil :<\/span><\/span><\/p>\n<ul>\n<li><span style=\"vertical-align: inherit;\"><span style=\"vertical-align: inherit;\">cure de 2 mois<\/span><\/span><\/li>\n<li><span style=\"vertical-align: inherit;\"><span style=\"vertical-align: inherit;\">6 g\u00e9lules par jour avec un verre d&rsquo;eau<\/span><\/span><\/li>\n<\/ul>\n<p>&nbsp;<\/p>\n<p>&nbsp;<\/p>\n","protected":false},"excerpt":{"rendered":"<p><span style=\"vertical-align: inherit;\"><span style=\"vertical-align: inherit;\">Le F&rsquo;Excit stimule le sens et le d\u00e9sir sexuel chez la femme gr\u00e2ce \u00e0 la Maca qui contribue \u00e0 r\u00e9duire les troubles li\u00e9s \u00e0 la sexualit\u00e9 et \u00e0 la fertilit\u00e9. <\/span><span style=\"vertical-align: inherit;\">Ce compl\u00e9ment participe notamment \u00e0 une meilleure libido. <\/span><span style=\"vertical-align: inherit;\">Il est combin\u00e9 \u00e0 l&rsquo;\u00e9leuth\u00e9rocoque qui favorise les performances physiques et sexuelles.<\/span><\/span><\/p>\n","protected":false},"featured_media":367,"comment_status":"open","ping_status":"closed","template":"","meta":{"_uag_custom_page_level_css":"","_kadence_starter_templates_imported_post":false,"_kad_post_transparent":"default","_kad_post_title":"","_kad_post_layout":"default","_kad_post_sidebar_id":"","_kad_post_content_style":"default","_kad_post_vertical_padding":"default","_kad_post_feature":"","_kad_post_feature_position":"","_kad_post_header":false,"_kad_post_footer":false,"_kad_post_classname":""},"product_brand":[],"product_cat":[20],"product_tag":[32],"class_list":{"0":"post-366","1":"product","2":"type-product","3":"status-publish","4":"has-post-thumbnail","6":"product_cat-formebienetre","7":"product_tag-200-gelules","9":"first","10":"instock","11":"taxable","12":"shipping-taxable","13":"purchasable","14":"product-type-simple","15":"entry","16":"content-bg","17":"loop-entry"},"yoast_head":"<!-- This site is optimized with the Yoast SEO plugin v27.4 - https:\/\/yoast.com\/product\/yoast-seo-wordpress\/ -->\n<title>F&#039;Excit - Stimulation du d\u00e9sir - E.boutique Lumi\u00e8re Source et Nature<\/title>\n<meta name=\"description\" content=\"La maca est une source d&#039;\u00e9nergie. Aphrodisiaque, elle stimule le d\u00e9sir sexuel, les performances physiques et intellectuelles. Libido f\u00e9minine.\" \/>\n<meta name=\"robots\" content=\"index, follow, max-snippet:-1, max-image-preview:large, max-video-preview:-1\" \/>\n<link rel=\"canonical\" href=\"https:\/\/www.eboutiquelumieresource.fr\/index.php\/product\/fexcit-energie-sexuelle-feminine-libido\/\" \/>\n<meta property=\"og:locale\" content=\"fr_CA\" \/>\n<meta property=\"og:type\" content=\"article\" \/>\n<meta property=\"og:title\" content=\"F&#039;Excit - Stimulation du d\u00e9sir - E.boutique Lumi\u00e8re Source et Nature\" \/>\n<meta property=\"og:description\" content=\"La maca est une source d&#039;\u00e9nergie. Aphrodisiaque, elle stimule le d\u00e9sir sexuel, les performances physiques et intellectuelles. Libido f\u00e9minine.\" \/>\n<meta property=\"og:url\" content=\"https:\/\/www.eboutiquelumieresource.fr\/index.php\/product\/fexcit-energie-sexuelle-feminine-libido\/\" \/>\n<meta property=\"og:site_name\" content=\"E.boutique Lumi\u00e8re Source et Nature\" \/>\n<meta property=\"article:publisher\" content=\"https:\/\/www.facebook.com\/lumieresourceetnat\/?ref=page_internal\" \/>\n<meta property=\"article:modified_time\" content=\"2023-09-15T09:00:33+00:00\" \/>\n<meta property=\"og:image\" content=\"https:\/\/www.eboutiquelumieresource.fr\/wp-content\/uploads\/2023\/05\/FEXCIT_82BIOMEXCITCOT-2-300x300-1.jpg\" \/>\n\t<meta property=\"og:image:width\" content=\"300\" \/>\n\t<meta property=\"og:image:height\" content=\"300\" \/>\n\t<meta property=\"og:image:type\" content=\"image\/jpeg\" \/>\n<meta name=\"twitter:card\" content=\"summary_large_image\" \/>\n<meta name=\"twitter:label1\" content=\"Estimation du temps de lecture\" \/>\n\t<meta name=\"twitter:data1\" content=\"1 minute\" \/>\n<script type=\"application\/ld+json\" class=\"yoast-schema-graph\">{\"@context\":\"https:\\\/\\\/schema.org\",\"@graph\":[{\"@type\":\"WebPage\",\"@id\":\"https:\\\/\\\/www.eboutiquelumieresource.fr\\\/index.php\\\/product\\\/fexcit-energie-sexuelle-feminine-libido\\\/\",\"url\":\"https:\\\/\\\/www.eboutiquelumieresource.fr\\\/index.php\\\/product\\\/fexcit-energie-sexuelle-feminine-libido\\\/\",\"name\":\"F'Excit - Stimulation du d\u00e9sir - E.boutique Lumi\u00e8re Source et Nature\",\"isPartOf\":{\"@id\":\"https:\\\/\\\/www.eboutiquelumieresource.fr\\\/#website\"},\"primaryImageOfPage\":{\"@id\":\"https:\\\/\\\/www.eboutiquelumieresource.fr\\\/index.php\\\/product\\\/fexcit-energie-sexuelle-feminine-libido\\\/#primaryimage\"},\"image\":{\"@id\":\"https:\\\/\\\/www.eboutiquelumieresource.fr\\\/index.php\\\/product\\\/fexcit-energie-sexuelle-feminine-libido\\\/#primaryimage\"},\"thumbnailUrl\":\"https:\\\/\\\/i0.wp.com\\\/www.eboutiquelumieresource.fr\\\/wp-content\\\/uploads\\\/2023\\\/05\\\/FEXCIT_82BIOMEXCITCOT-2-300x300-1.jpg?fit=300%2C300&ssl=1\",\"datePublished\":\"2023-05-29T13:17:39+00:00\",\"dateModified\":\"2023-09-15T09:00:33+00:00\",\"description\":\"La maca est une source d'\u00e9nergie. Aphrodisiaque, elle stimule le d\u00e9sir sexuel, les performances physiques et intellectuelles. Libido f\u00e9minine.\",\"breadcrumb\":{\"@id\":\"https:\\\/\\\/www.eboutiquelumieresource.fr\\\/index.php\\\/product\\\/fexcit-energie-sexuelle-feminine-libido\\\/#breadcrumb\"},\"inLanguage\":\"fr-CA\",\"potentialAction\":[{\"@type\":\"ReadAction\",\"target\":[\"https:\\\/\\\/www.eboutiquelumieresource.fr\\\/index.php\\\/product\\\/fexcit-energie-sexuelle-feminine-libido\\\/\"]}]},{\"@type\":\"ImageObject\",\"inLanguage\":\"fr-CA\",\"@id\":\"https:\\\/\\\/www.eboutiquelumieresource.fr\\\/index.php\\\/product\\\/fexcit-energie-sexuelle-feminine-libido\\\/#primaryimage\",\"url\":\"https:\\\/\\\/i0.wp.com\\\/www.eboutiquelumieresource.fr\\\/wp-content\\\/uploads\\\/2023\\\/05\\\/FEXCIT_82BIOMEXCITCOT-2-300x300-1.jpg?fit=300%2C300&ssl=1\",\"contentUrl\":\"https:\\\/\\\/i0.wp.com\\\/www.eboutiquelumieresource.fr\\\/wp-content\\\/uploads\\\/2023\\\/05\\\/FEXCIT_82BIOMEXCITCOT-2-300x300-1.jpg?fit=300%2C300&ssl=1\",\"width\":300,\"height\":300,\"caption\":\"F'excit compl\u00e9ment alimentaire OK la Forme\"},{\"@type\":\"BreadcrumbList\",\"@id\":\"https:\\\/\\\/www.eboutiquelumieresource.fr\\\/index.php\\\/product\\\/fexcit-energie-sexuelle-feminine-libido\\\/#breadcrumb\",\"itemListElement\":[{\"@type\":\"ListItem\",\"position\":1,\"name\":\"Home\",\"item\":\"https:\\\/\\\/www.eboutiquelumieresource.fr\\\/\"},{\"@type\":\"ListItem\",\"position\":2,\"name\":\"Boutique\",\"item\":\"https:\\\/\\\/www.eboutiquelumieresource.fr\\\/index.php\\\/boutique-lumiere-source-nature\\\/\"},{\"@type\":\"ListItem\",\"position\":3,\"name\":\"F&#8217;Excit\"}]},{\"@type\":\"WebSite\",\"@id\":\"https:\\\/\\\/www.eboutiquelumieresource.fr\\\/#website\",\"url\":\"https:\\\/\\\/www.eboutiquelumieresource.fr\\\/\",\"name\":\"E.boutique Lumi\u00e8re Source et Nature\",\"description\":\"Vos compl\u00e9ments alimentaires naturels\",\"publisher\":{\"@id\":\"https:\\\/\\\/www.eboutiquelumieresource.fr\\\/#organization\"},\"potentialAction\":[{\"@type\":\"SearchAction\",\"target\":{\"@type\":\"EntryPoint\",\"urlTemplate\":\"https:\\\/\\\/www.eboutiquelumieresource.fr\\\/?s={search_term_string}\"},\"query-input\":{\"@type\":\"PropertyValueSpecification\",\"valueRequired\":true,\"valueName\":\"search_term_string\"}}],\"inLanguage\":\"fr-CA\"},{\"@type\":\"Organization\",\"@id\":\"https:\\\/\\\/www.eboutiquelumieresource.fr\\\/#organization\",\"name\":\"E.boutique Lumi\u00e8re Source et Nature\",\"url\":\"https:\\\/\\\/www.eboutiquelumieresource.fr\\\/\",\"logo\":{\"@type\":\"ImageObject\",\"inLanguage\":\"fr-CA\",\"@id\":\"https:\\\/\\\/www.eboutiquelumieresource.fr\\\/#\\\/schema\\\/logo\\\/image\\\/\",\"url\":\"https:\\\/\\\/i0.wp.com\\\/www.eboutiquelumieresource.fr\\\/wp-content\\\/uploads\\\/2023\\\/06\\\/logo-goutte-lumiere-source-et-nature-detoure.png?fit=256%2C263&ssl=1\",\"contentUrl\":\"https:\\\/\\\/i0.wp.com\\\/www.eboutiquelumieresource.fr\\\/wp-content\\\/uploads\\\/2023\\\/06\\\/logo-goutte-lumiere-source-et-nature-detoure.png?fit=256%2C263&ssl=1\",\"width\":256,\"height\":263,\"caption\":\"E.boutique Lumi\u00e8re Source et Nature\"},\"image\":{\"@id\":\"https:\\\/\\\/www.eboutiquelumieresource.fr\\\/#\\\/schema\\\/logo\\\/image\\\/\"},\"sameAs\":[\"https:\\\/\\\/www.facebook.com\\\/lumieresourceetnat\\\/?ref=page_internal\",\"https:\\\/\\\/www.instagram.com\\\/lumieresourceetnature\\\/\"]}]}<\/script>\n<!-- \/ Yoast SEO plugin. -->","yoast_head_json":{"title":"F'Excit - Stimulation du d\u00e9sir - E.boutique Lumi\u00e8re Source et Nature","description":"La maca est une source d'\u00e9nergie. Aphrodisiaque, elle stimule le d\u00e9sir sexuel, les performances physiques et intellectuelles. Libido f\u00e9minine.","robots":{"index":"index","follow":"follow","max-snippet":"max-snippet:-1","max-image-preview":"max-image-preview:large","max-video-preview":"max-video-preview:-1"},"canonical":"https:\/\/www.eboutiquelumieresource.fr\/index.php\/product\/fexcit-energie-sexuelle-feminine-libido\/","og_locale":"fr_CA","og_type":"article","og_title":"F'Excit - Stimulation du d\u00e9sir - E.boutique Lumi\u00e8re Source et Nature","og_description":"La maca est une source d'\u00e9nergie. Aphrodisiaque, elle stimule le d\u00e9sir sexuel, les performances physiques et intellectuelles. Libido f\u00e9minine.","og_url":"https:\/\/www.eboutiquelumieresource.fr\/index.php\/product\/fexcit-energie-sexuelle-feminine-libido\/","og_site_name":"E.boutique Lumi\u00e8re Source et Nature","article_publisher":"https:\/\/www.facebook.com\/lumieresourceetnat\/?ref=page_internal","article_modified_time":"2023-09-15T09:00:33+00:00","og_image":[{"width":300,"height":300,"url":"https:\/\/www.eboutiquelumieresource.fr\/wp-content\/uploads\/2023\/05\/FEXCIT_82BIOMEXCITCOT-2-300x300-1.jpg","type":"image\/jpeg"}],"twitter_card":"summary_large_image","twitter_misc":{"Estimation du temps de lecture":"1 minute"},"schema":{"@context":"https:\/\/schema.org","@graph":[{"@type":"WebPage","@id":"https:\/\/www.eboutiquelumieresource.fr\/index.php\/product\/fexcit-energie-sexuelle-feminine-libido\/","url":"https:\/\/www.eboutiquelumieresource.fr\/index.php\/product\/fexcit-energie-sexuelle-feminine-libido\/","name":"F'Excit - Stimulation du d\u00e9sir - E.boutique Lumi\u00e8re Source et Nature","isPartOf":{"@id":"https:\/\/www.eboutiquelumieresource.fr\/#website"},"primaryImageOfPage":{"@id":"https:\/\/www.eboutiquelumieresource.fr\/index.php\/product\/fexcit-energie-sexuelle-feminine-libido\/#primaryimage"},"image":{"@id":"https:\/\/www.eboutiquelumieresource.fr\/index.php\/product\/fexcit-energie-sexuelle-feminine-libido\/#primaryimage"},"thumbnailUrl":"https:\/\/i0.wp.com\/www.eboutiquelumieresource.fr\/wp-content\/uploads\/2023\/05\/FEXCIT_82BIOMEXCITCOT-2-300x300-1.jpg?fit=300%2C300&ssl=1","datePublished":"2023-05-29T13:17:39+00:00","dateModified":"2023-09-15T09:00:33+00:00","description":"La maca est une source d'\u00e9nergie. Aphrodisiaque, elle stimule le d\u00e9sir sexuel, les performances physiques et intellectuelles. Libido f\u00e9minine.","breadcrumb":{"@id":"https:\/\/www.eboutiquelumieresource.fr\/index.php\/product\/fexcit-energie-sexuelle-feminine-libido\/#breadcrumb"},"inLanguage":"fr-CA","potentialAction":[{"@type":"ReadAction","target":["https:\/\/www.eboutiquelumieresource.fr\/index.php\/product\/fexcit-energie-sexuelle-feminine-libido\/"]}]},{"@type":"ImageObject","inLanguage":"fr-CA","@id":"https:\/\/www.eboutiquelumieresource.fr\/index.php\/product\/fexcit-energie-sexuelle-feminine-libido\/#primaryimage","url":"https:\/\/i0.wp.com\/www.eboutiquelumieresource.fr\/wp-content\/uploads\/2023\/05\/FEXCIT_82BIOMEXCITCOT-2-300x300-1.jpg?fit=300%2C300&ssl=1","contentUrl":"https:\/\/i0.wp.com\/www.eboutiquelumieresource.fr\/wp-content\/uploads\/2023\/05\/FEXCIT_82BIOMEXCITCOT-2-300x300-1.jpg?fit=300%2C300&ssl=1","width":300,"height":300,"caption":"F'excit compl\u00e9ment alimentaire OK la Forme"},{"@type":"BreadcrumbList","@id":"https:\/\/www.eboutiquelumieresource.fr\/index.php\/product\/fexcit-energie-sexuelle-feminine-libido\/#breadcrumb","itemListElement":[{"@type":"ListItem","position":1,"name":"Home","item":"https:\/\/www.eboutiquelumieresource.fr\/"},{"@type":"ListItem","position":2,"name":"Boutique","item":"https:\/\/www.eboutiquelumieresource.fr\/index.php\/boutique-lumiere-source-nature\/"},{"@type":"ListItem","position":3,"name":"F&#8217;Excit"}]},{"@type":"WebSite","@id":"https:\/\/www.eboutiquelumieresource.fr\/#website","url":"https:\/\/www.eboutiquelumieresource.fr\/","name":"E.boutique Lumi\u00e8re Source et Nature","description":"Vos compl\u00e9ments alimentaires naturels","publisher":{"@id":"https:\/\/www.eboutiquelumieresource.fr\/#organization"},"potentialAction":[{"@type":"SearchAction","target":{"@type":"EntryPoint","urlTemplate":"https:\/\/www.eboutiquelumieresource.fr\/?s={search_term_string}"},"query-input":{"@type":"PropertyValueSpecification","valueRequired":true,"valueName":"search_term_string"}}],"inLanguage":"fr-CA"},{"@type":"Organization","@id":"https:\/\/www.eboutiquelumieresource.fr\/#organization","name":"E.boutique Lumi\u00e8re Source et Nature","url":"https:\/\/www.eboutiquelumieresource.fr\/","logo":{"@type":"ImageObject","inLanguage":"fr-CA","@id":"https:\/\/www.eboutiquelumieresource.fr\/#\/schema\/logo\/image\/","url":"https:\/\/i0.wp.com\/www.eboutiquelumieresource.fr\/wp-content\/uploads\/2023\/06\/logo-goutte-lumiere-source-et-nature-detoure.png?fit=256%2C263&ssl=1","contentUrl":"https:\/\/i0.wp.com\/www.eboutiquelumieresource.fr\/wp-content\/uploads\/2023\/06\/logo-goutte-lumiere-source-et-nature-detoure.png?fit=256%2C263&ssl=1","width":256,"height":263,"caption":"E.boutique Lumi\u00e8re Source et Nature"},"image":{"@id":"https:\/\/www.eboutiquelumieresource.fr\/#\/schema\/logo\/image\/"},"sameAs":["https:\/\/www.facebook.com\/lumieresourceetnat\/?ref=page_internal","https:\/\/www.instagram.com\/lumieresourceetnature\/"]}]}},"uagb_featured_image_src":{"full":["https:\/\/i0.wp.com\/www.eboutiquelumieresource.fr\/wp-content\/uploads\/2023\/05\/FEXCIT_82BIOMEXCITCOT-2-300x300-1.jpg?fit=300%2C300&ssl=1",300,300,false],"thumbnail":["https:\/\/i0.wp.com\/www.eboutiquelumieresource.fr\/wp-content\/uploads\/2023\/05\/FEXCIT_82BIOMEXCITCOT-2-300x300-1.jpg?resize=150%2C150&ssl=1",150,150,true],"medium":["https:\/\/i0.wp.com\/www.eboutiquelumieresource.fr\/wp-content\/uploads\/2023\/05\/FEXCIT_82BIOMEXCITCOT-2-300x300-1.jpg?fit=300%2C300&ssl=1",300,300,true],"medium_large":["https:\/\/i0.wp.com\/www.eboutiquelumieresource.fr\/wp-content\/uploads\/2023\/05\/FEXCIT_82BIOMEXCITCOT-2-300x300-1.jpg?fit=300%2C300&ssl=1",300,300,true],"large":["https:\/\/i0.wp.com\/www.eboutiquelumieresource.fr\/wp-content\/uploads\/2023\/05\/FEXCIT_82BIOMEXCITCOT-2-300x300-1.jpg?fit=300%2C300&ssl=1",300,300,true],"1536x1536":["https:\/\/i0.wp.com\/www.eboutiquelumieresource.fr\/wp-content\/uploads\/2023\/05\/FEXCIT_82BIOMEXCITCOT-2-300x300-1.jpg?fit=300%2C300&ssl=1",300,300,true],"2048x2048":["https:\/\/i0.wp.com\/www.eboutiquelumieresource.fr\/wp-content\/uploads\/2023\/05\/FEXCIT_82BIOMEXCITCOT-2-300x300-1.jpg?fit=300%2C300&ssl=1",300,300,true],"woocommerce_thumbnail":["https:\/\/i0.wp.com\/www.eboutiquelumieresource.fr\/wp-content\/uploads\/2023\/05\/FEXCIT_82BIOMEXCITCOT-2-300x300-1.jpg?resize=300%2C300&ssl=1",300,300,true],"woocommerce_single":["https:\/\/i0.wp.com\/www.eboutiquelumieresource.fr\/wp-content\/uploads\/2023\/05\/FEXCIT_82BIOMEXCITCOT-2-300x300-1.jpg?fit=300%2C300&ssl=1",300,300,true],"woocommerce_gallery_thumbnail":["https:\/\/i0.wp.com\/www.eboutiquelumieresource.fr\/wp-content\/uploads\/2023\/05\/FEXCIT_82BIOMEXCITCOT-2-300x300-1.jpg?resize=100%2C100&ssl=1",100,100,true]},"uagb_author_info":{"display_name":"admin6058","author_link":"https:\/\/www.eboutiquelumieresource.fr\/index.php\/author\/"},"uagb_comment_info":0,"uagb_excerpt":"Le F'Excit stimule le sens et le d\u00e9sir sexuel chez la femme gr\u00e2ce \u00e0 la Maca qui contribue \u00e0 r\u00e9duire les troubles li\u00e9s \u00e0 la sexualit\u00e9 et \u00e0 la fertilit\u00e9. Ce compl\u00e9ment participe notamment \u00e0 une meilleure libido. Il est combin\u00e9 \u00e0 l'\u00e9leuth\u00e9rocoque qui favorise les performances physiques et sexuelles.","jetpack-related-posts":[{"id":388,"url":"https:\/\/www.eboutiquelumieresource.fr\/index.php\/product\/h-excit-energie-sexuelle-homme\/","url_meta":{"origin":366,"position":0},"title":"H&rsquo; Excit &#8211; Energie sexuelle homme","author":"admin6058","date":"29 mai 2023","format":false,"excerpt":"Le H'Excit contribue \u00e0 une meilleur sexualit\u00e9 chez l'homme gr\u00e2ce \u00e0 l'association de ses diff\u00e9rents ingr\u00e9dients : le ginseng aide \u00e0 retrouver la forme. le schizandra et le tribulus favorisent la libido. Le tribulus participe \u00e0 la sant\u00e9 des organes reproducteurs. le gingembre est lui connu pour ses vertus aphrodisiaques\u2026","rel":"","context":"Similar post","block_context":{"text":"Similar post","link":""},"img":{"alt_text":"h'Excit compl\u00e9ment alimentaire Ok LA forme","src":"https:\/\/i0.wp.com\/www.eboutiquelumieresource.fr\/wp-content\/uploads\/2023\/05\/HEXCIT_82HEXCITCOT_180x69-300x300-1.jpg?resize=350%2C200&ssl=1","width":350,"height":200},"classes":[]},{"id":244,"url":"https:\/\/www.eboutiquelumieresource.fr\/index.php\/product\/activ-digest\/","url_meta":{"origin":366,"position":1},"title":"Activ&rsquo; Digest 120 g\u00e9lules","author":"admin6058","date":"25 mai 2023","format":false,"excerpt":"Activ' Digest est l'alli\u00e9 d'une bonne digestion gr\u00e2ce \u00e0 ses composants et leurs vertus : le fenouil facilite l'\u00e9limination par son action diur\u00e9tique. l'artichaut est chol\u00e9r\u00e9tique (booster de production de bile), chlolagogue (facilite l'\u00e9vacuation de la bile vers l'intestin) et diur\u00e9tique. La cynarine est une des mol\u00e9cules actives de l'artichaut,\u2026","rel":"","context":"Similar post","block_context":{"text":"Similar post","link":""},"img":{"alt_text":"activ' digest - tonus et d\u00e9fense compl\u00e9ment alimentaire","src":"https:\/\/i0.wp.com\/www.eboutiquelumieresource.fr\/wp-content\/uploads\/2023\/05\/ACTIVDIGEST_82CODE_150ml_150x69-300x300-1-1.jpg?resize=350%2C200&ssl=1","width":350,"height":200},"classes":[]},{"id":411,"url":"https:\/\/www.eboutiquelumieresource.fr\/index.php\/product\/psycho-emotionnel\/","url_meta":{"origin":366,"position":2},"title":"Psycho-\u00e9motionnel 200 g\u00e9l","author":"admin6058","date":"29 mai 2023","format":false,"excerpt":"Psycho-\u00e9motionnel associe la laitance de poisson et la vitamine B5 pour aider \u00e0 entretenir la m\u00e9moire et lutter contre la fatigue. Psycho-\u00e9motionnel est un alli\u00e9 id\u00e9al pour les \u00e9tudiants avant et pendant leurs examens, pour les personnes \u00e2g\u00e9es ainsi que toutes les personnes souhaitant entretenir leur m\u00e9moire. \u00a0","rel":"","context":"Similar post","block_context":{"text":"Similar post","link":""},"img":{"alt_text":"","src":"https:\/\/i0.wp.com\/gndvgah.cluster027.hosting.ovh.net\/wp-content\/uploads\/2023\/05\/PSYCHOEMO_CODE_180x69_pullulan-300x300-1.jpg?resize=350%2C200","width":350,"height":200},"classes":[]},{"id":343,"url":"https:\/\/www.eboutiquelumieresource.fr\/index.php\/product\/chrysanthellum-americanum-jambes-lourdes-systeme-circulatoire\/","url_meta":{"origin":366,"position":3},"title":"Chrysanthellum americanum +","author":"admin6058","date":"26 mai 2023","format":false,"excerpt":"Le Chrysanthellum est une plante tropicale \u00e9galement appel\u00e9e \"camomille dor\u00e9e\". Elle aide \u00e0 soulager les jambes lourdes en stimulant la circulation. Gr\u00e2ce \u00e0 ses extraits le Chrysanthellum\u00a0 le stockage des graisses est ralenti par les adipocytes, ce qui entra\u00eene la r\u00e9duction du taux de cholest\u00e9rol et de triglyc\u00e9rides dans le\u2026","rel":"","context":"Similar post","block_context":{"text":"Similar post","link":""},"img":{"alt_text":"chrysanthellum americanum compl\u00e9ment alimentaire circualtion","src":"https:\/\/i0.wp.com\/www.eboutiquelumieresource.fr\/wp-content\/uploads\/2023\/05\/Chrysanthellum_82CHRY60_150ml.jpg?fit=400%2C400&ssl=1&resize=350%2C200","width":350,"height":200},"classes":[]},{"id":378,"url":"https:\/\/www.eboutiquelumieresource.fr\/index.php\/product\/ginkgo-biloba-performances-intellectuelles\/","url_meta":{"origin":366,"position":4},"title":"Ginkgo Biloba","author":"admin6058","date":"29 mai 2023","format":false,"excerpt":"Le ginkgo biloba \u00e9galement appel\u00e9 \"arbre aux milles \u00e9cus\", il existe depuis 300 millions d'ann\u00e9e et est originaire d'Asie. Il contient des actifs anti-oxydant tr\u00e8s puissants qui aident entre autres \u00e0 r\u00e9duire les effets du vieillissement et les probl\u00e8mes de jambes lourdes. Son action est renforc\u00e9e par la vitamine B5\u2026","rel":"","context":"Similar post","block_context":{"text":"Similar post","link":""},"img":{"alt_text":"ginkgo compl\u00e9ment alimentaire circulation","src":"https:\/\/i0.wp.com\/www.eboutiquelumieresource.fr\/wp-content\/uploads\/2023\/05\/Ginkgo_82GINKGOB5_100ml.jpg?fit=400%2C400&ssl=1&resize=350%2C200","width":350,"height":200},"classes":[]},{"id":391,"url":"https:\/\/www.eboutiquelumieresource.fr\/index.php\/product\/jkm-100-anti-inflammatoire\/","url_meta":{"origin":366,"position":5},"title":"JKM 100 &#8211; anti-inflammatoire","author":"admin6058","date":"29 mai 2023","format":false,"excerpt":"Le JKM 100 est un complexe d\u00e9di\u00e9 aux articulations gr\u00e2ce \u00e0 ses compos\u00e9s : L'ortie aide \u00e0 soulager les douleurs articulaires et favorise la remin\u00e9ralisation des os. La glucosamine issue des carapaces de crustac\u00e9s, est pr\u00e9sente dans tous les tissus conjonctifs de l'organisme et est b\u00e9n\u00e9fique pour le cartilage des\u2026","rel":"","context":"Similar post","block_context":{"text":"Similar post","link":""},"img":{"alt_text":"jkm 100","src":"https:\/\/i0.wp.com\/gndvgah.cluster027.hosting.ovh.net\/wp-content\/uploads\/2023\/05\/JKM100_82JKM100_200ml-300x300-1.jpg?resize=350%2C200","width":350,"height":200},"classes":[]}],"_links":{"self":[{"href":"https:\/\/www.eboutiquelumieresource.fr\/index.php\/wp-json\/wp\/v2\/product\/366","targetHints":{"allow":["GET"]}}],"collection":[{"href":"https:\/\/www.eboutiquelumieresource.fr\/index.php\/wp-json\/wp\/v2\/product"}],"about":[{"href":"https:\/\/www.eboutiquelumieresource.fr\/index.php\/wp-json\/wp\/v2\/types\/product"}],"replies":[{"embeddable":true,"href":"https:\/\/www.eboutiquelumieresource.fr\/index.php\/wp-json\/wp\/v2\/comments?post=366"}],"wp:featuredmedia":[{"embeddable":true,"href":"https:\/\/www.eboutiquelumieresource.fr\/index.php\/wp-json\/wp\/v2\/media\/367"}],"wp:attachment":[{"href":"https:\/\/www.eboutiquelumieresource.fr\/index.php\/wp-json\/wp\/v2\/media?parent=366"}],"wp:term":[{"taxonomy":"product_brand","embeddable":true,"href":"https:\/\/www.eboutiquelumieresource.fr\/index.php\/wp-json\/wp\/v2\/product_brand?post=366"},{"taxonomy":"product_cat","embeddable":true,"href":"https:\/\/www.eboutiquelumieresource.fr\/index.php\/wp-json\/wp\/v2\/product_cat?post=366"},{"taxonomy":"product_tag","embeddable":true,"href":"https:\/\/www.eboutiquelumieresource.fr\/index.php\/wp-json\/wp\/v2\/product_tag?post=366"}],"curies":[{"name":"wp","href":"https:\/\/api.w.org\/{rel}","templated":true}]}}