{"id":362,"date":"2023-05-29T15:08:27","date_gmt":"2023-05-29T13:08:27","guid":{"rendered":"http:\/\/gndvgah.cluster027.hosting.ovh.net\/?post_type=product&#038;p=362"},"modified":"2023-07-08T11:00:32","modified_gmt":"2023-07-08T09:00:32","slug":"detente-d-stress-200-gelules","status":"publish","type":"product","link":"https:\/\/www.eboutiquelumieresource.fr\/index.php\/product\/detente-d-stress-200-gelules\/","title":{"rendered":"D\u00e9tente D-stress"},"content":{"rendered":"<p>D\u00e9tente D stress est une synergie de cinq plantes traditionnellement connues pour leurs propri\u00e9t\u00e9s apaisantes : l&rsquo;aub\u00e9pine, la marjolaine, la matricaire, la grande camomille et la passiflore. L&rsquo;aub\u00e9pine contribue entre autres \u00e0 diminuer l&rsquo;agitation et l&rsquo;irritabilit\u00e9. Ses propri\u00e9t\u00e9s sont relaxantes et apaisantes.\u00a0 La marjolaine est un tranquillisant du syst\u00e8me nerveux. La Grande Camomille aide \u00e0 rester relax\u00e9 et \u00e0 calmer l&rsquo;esprit. La Matricaire aide \u00e0 favoriser la relaxation et le bien-\u00eatre mental et physique. Enfin, la passiflore aide \u00e0 susciter un repos calme, le sommeil et la relaxation.<\/p>\n<p>Composition pour 3 g\u00e9lules :<\/p>\n<ul>\n<li>Extrait d&rsquo;Aub\u00e9pine : 147mg<\/li>\n<li>Extrait de Marjolaine : 84 mg<\/li>\n<li>Extrait de Matricaire : 150 mg<\/li>\n<li>Extrait de grande Camomille : 75 mg<\/li>\n<li>Extrait de Passiflore : 375 mg<\/li>\n<\/ul>\n<p>&nbsp;<\/p>\n<p>Notre conseil :<\/p>\n<ul>\n<li>3 g\u00e9lules par jour avec un verre d&rsquo;eau<\/li>\n<li>Cure de 2 mois<\/li>\n<\/ul>\n<p><img data-recalc-dims=\"1\" fetchpriority=\"high\" decoding=\"async\" class=\"alignnone size-full wp-image-363\" src=\"https:\/\/i0.wp.com\/gndvgah.cluster027.hosting.ovh.net\/wp-content\/uploads\/2023\/05\/DETENTE_DSTRESS_82DETCOT_200ml_150x69-300x300-1.jpg?resize=300%2C300\" alt=\"d\u00e9tente d\u00e9stresse compl\u00e9ment alimentaire\" width=\"300\" height=\"300\" srcset=\"https:\/\/i0.wp.com\/www.eboutiquelumieresource.fr\/wp-content\/uploads\/2023\/05\/DETENTE_DSTRESS_82DETCOT_200ml_150x69-300x300-1.jpg?w=300&amp;ssl=1 300w, https:\/\/i0.wp.com\/www.eboutiquelumieresource.fr\/wp-content\/uploads\/2023\/05\/DETENTE_DSTRESS_82DETCOT_200ml_150x69-300x300-1.jpg?resize=150%2C150&amp;ssl=1 150w, https:\/\/i0.wp.com\/www.eboutiquelumieresource.fr\/wp-content\/uploads\/2023\/05\/DETENTE_DSTRESS_82DETCOT_200ml_150x69-300x300-1.jpg?resize=100%2C100&amp;ssl=1 100w\" sizes=\"(max-width: 300px) 100vw, 300px\" \/><\/p>\n","protected":false},"excerpt":{"rendered":"<p>D\u00e9tente D-stress est une association de cinq plantes traditionnellement connues pour les propri\u00e9t\u00e9s apaisantes :<\/p>\n<ul>\n<li>la matricaire et la grande camomille favorisent la relaxation, elles aident l&rsquo;esprit \u00e0 se calmer.<\/li>\n<li>l&rsquo;aub\u00e9prine est r\u00e9put\u00e9e pour ses propri\u00e9t\u00e9s apaisantes, elle contribue \u00e0 diminuer l&rsquo;agitation et l&rsquo;irritabilit\u00e9. Elle permet \u00e9galement de lutter contre les troubles du sommeil li\u00e9s \u00e0 l&rsquo;anxi\u00e9t\u00e9 ou \u00e0 la nervosit\u00e9.<\/li>\n<li>la passiflore aide \u00e9galement \u00e0 diminuer le stress et l&rsquo;anxi\u00e9t\u00e9, elle participe \u00e0 la relaxation et facilite donc l&rsquo;endormissement.<\/li>\n<li>la marjolaine participe \u00e0 r\u00e9duire les effets de stress, elle a de nombreuses vertus calmantes et tranquillisantes pour le syst\u00e8me nerveux.<\/li>\n<\/ul>\n","protected":false},"featured_media":363,"comment_status":"open","ping_status":"closed","template":"","meta":{"_uag_custom_page_level_css":"","_kadence_starter_templates_imported_post":false,"_kad_post_transparent":"default","_kad_post_title":"","_kad_post_layout":"default","_kad_post_sidebar_id":"","_kad_post_content_style":"default","_kad_post_vertical_padding":"default","_kad_post_feature":"","_kad_post_feature_position":"","_kad_post_header":false,"_kad_post_footer":false,"_kad_post_classname":""},"product_brand":[],"product_cat":[23],"product_tag":[28],"class_list":{"0":"post-362","1":"product","2":"type-product","3":"status-publish","4":"has-post-thumbnail","6":"product_cat-detentesommeil","7":"product_tag-100-gelules","9":"first","10":"instock","11":"taxable","12":"shipping-taxable","13":"purchasable","14":"product-type-simple","15":"entry","16":"content-bg","17":"loop-entry"},"yoast_head":"<!-- This site is optimized with the Yoast SEO plugin v27.5 - https:\/\/yoast.com\/product\/yoast-seo-wordpress\/ -->\n<title>D\u00e9tente D-stress - E.boutique Lumi\u00e8re Source et Nature<\/title>\n<meta name=\"robots\" content=\"index, follow, max-snippet:-1, max-image-preview:large, max-video-preview:-1\" \/>\n<link rel=\"canonical\" href=\"https:\/\/www.eboutiquelumieresource.fr\/index.php\/product\/detente-d-stress-200-gelules\/\" \/>\n<meta property=\"og:locale\" content=\"fr_CA\" \/>\n<meta property=\"og:type\" content=\"article\" \/>\n<meta property=\"og:title\" content=\"D\u00e9tente D-stress - E.boutique Lumi\u00e8re Source et Nature\" \/>\n<meta property=\"og:description\" content=\"D\u00e9tente D-stress est une association de cinq plantes traditionnellement connues pour les propri\u00e9t\u00e9s apaisantes :   la matricaire et la grande camomille favorisent la relaxation, elles aident l&#039;esprit \u00e0 se calmer.  l&#039;aub\u00e9prine est r\u00e9put\u00e9e pour ses propri\u00e9t\u00e9s apaisantes, elle contribue \u00e0 diminuer l&#039;agitation et l&#039;irritabilit\u00e9. Elle permet \u00e9galement de lutter contre les troubles du sommeil li\u00e9s \u00e0 l&#039;anxi\u00e9t\u00e9 ou \u00e0 la nervosit\u00e9.  la passiflore aide \u00e9galement \u00e0 diminuer le stress et l&#039;anxi\u00e9t\u00e9, elle participe \u00e0 la relaxation et facilite donc l&#039;endormissement.  la marjolaine participe \u00e0 r\u00e9duire les effets de stress, elle a de nombreuses vertus calmantes et tranquillisantes pour le syst\u00e8me nerveux.\" \/>\n<meta property=\"og:url\" content=\"https:\/\/www.eboutiquelumieresource.fr\/index.php\/product\/detente-d-stress-200-gelules\/\" \/>\n<meta property=\"og:site_name\" content=\"E.boutique Lumi\u00e8re Source et Nature\" \/>\n<meta property=\"article:publisher\" content=\"https:\/\/www.facebook.com\/lumieresourceetnat\/?ref=page_internal\" \/>\n<meta property=\"article:modified_time\" content=\"2023-07-08T09:00:32+00:00\" \/>\n<meta property=\"og:image\" content=\"https:\/\/www.eboutiquelumieresource.fr\/wp-content\/uploads\/2023\/05\/DETENTE_DSTRESS_82DETCOT_200ml_150x69-300x300-1.jpg\" \/>\n\t<meta property=\"og:image:width\" content=\"300\" \/>\n\t<meta property=\"og:image:height\" content=\"300\" \/>\n\t<meta property=\"og:image:type\" content=\"image\/jpeg\" \/>\n<meta name=\"twitter:card\" content=\"summary_large_image\" \/>\n<meta name=\"twitter:label1\" content=\"Estimation du temps de lecture\" \/>\n\t<meta name=\"twitter:data1\" content=\"1 minute\" \/>\n<script type=\"application\/ld+json\" class=\"yoast-schema-graph\">{\"@context\":\"https:\\\/\\\/schema.org\",\"@graph\":[{\"@type\":\"WebPage\",\"@id\":\"https:\\\/\\\/www.eboutiquelumieresource.fr\\\/index.php\\\/product\\\/detente-d-stress-200-gelules\\\/\",\"url\":\"https:\\\/\\\/www.eboutiquelumieresource.fr\\\/index.php\\\/product\\\/detente-d-stress-200-gelules\\\/\",\"name\":\"D\u00e9tente D-stress - E.boutique Lumi\u00e8re Source et Nature\",\"isPartOf\":{\"@id\":\"https:\\\/\\\/www.eboutiquelumieresource.fr\\\/#website\"},\"primaryImageOfPage\":{\"@id\":\"https:\\\/\\\/www.eboutiquelumieresource.fr\\\/index.php\\\/product\\\/detente-d-stress-200-gelules\\\/#primaryimage\"},\"image\":{\"@id\":\"https:\\\/\\\/www.eboutiquelumieresource.fr\\\/index.php\\\/product\\\/detente-d-stress-200-gelules\\\/#primaryimage\"},\"thumbnailUrl\":\"https:\\\/\\\/i0.wp.com\\\/www.eboutiquelumieresource.fr\\\/wp-content\\\/uploads\\\/2023\\\/05\\\/DETENTE_DSTRESS_82DETCOT_200ml_150x69-300x300-1.jpg?fit=300%2C300&ssl=1\",\"datePublished\":\"2023-05-29T13:08:27+00:00\",\"dateModified\":\"2023-07-08T09:00:32+00:00\",\"breadcrumb\":{\"@id\":\"https:\\\/\\\/www.eboutiquelumieresource.fr\\\/index.php\\\/product\\\/detente-d-stress-200-gelules\\\/#breadcrumb\"},\"inLanguage\":\"fr-CA\",\"potentialAction\":[{\"@type\":\"ReadAction\",\"target\":[\"https:\\\/\\\/www.eboutiquelumieresource.fr\\\/index.php\\\/product\\\/detente-d-stress-200-gelules\\\/\"]}]},{\"@type\":\"ImageObject\",\"inLanguage\":\"fr-CA\",\"@id\":\"https:\\\/\\\/www.eboutiquelumieresource.fr\\\/index.php\\\/product\\\/detente-d-stress-200-gelules\\\/#primaryimage\",\"url\":\"https:\\\/\\\/i0.wp.com\\\/www.eboutiquelumieresource.fr\\\/wp-content\\\/uploads\\\/2023\\\/05\\\/DETENTE_DSTRESS_82DETCOT_200ml_150x69-300x300-1.jpg?fit=300%2C300&ssl=1\",\"contentUrl\":\"https:\\\/\\\/i0.wp.com\\\/www.eboutiquelumieresource.fr\\\/wp-content\\\/uploads\\\/2023\\\/05\\\/DETENTE_DSTRESS_82DETCOT_200ml_150x69-300x300-1.jpg?fit=300%2C300&ssl=1\",\"width\":300,\"height\":300,\"caption\":\"d\u00e9tente d\u00e9stresse compl\u00e9ment alimentaire\"},{\"@type\":\"BreadcrumbList\",\"@id\":\"https:\\\/\\\/www.eboutiquelumieresource.fr\\\/index.php\\\/product\\\/detente-d-stress-200-gelules\\\/#breadcrumb\",\"itemListElement\":[{\"@type\":\"ListItem\",\"position\":1,\"name\":\"Home\",\"item\":\"https:\\\/\\\/www.eboutiquelumieresource.fr\\\/\"},{\"@type\":\"ListItem\",\"position\":2,\"name\":\"Boutique\",\"item\":\"https:\\\/\\\/www.eboutiquelumieresource.fr\\\/index.php\\\/boutique-lumiere-source-nature\\\/\"},{\"@type\":\"ListItem\",\"position\":3,\"name\":\"D\u00e9tente D-stress\"}]},{\"@type\":\"WebSite\",\"@id\":\"https:\\\/\\\/www.eboutiquelumieresource.fr\\\/#website\",\"url\":\"https:\\\/\\\/www.eboutiquelumieresource.fr\\\/\",\"name\":\"E.boutique Lumi\u00e8re Source et Nature\",\"description\":\"Vos compl\u00e9ments alimentaires naturels\",\"publisher\":{\"@id\":\"https:\\\/\\\/www.eboutiquelumieresource.fr\\\/#organization\"},\"potentialAction\":[{\"@type\":\"SearchAction\",\"target\":{\"@type\":\"EntryPoint\",\"urlTemplate\":\"https:\\\/\\\/www.eboutiquelumieresource.fr\\\/?s={search_term_string}\"},\"query-input\":{\"@type\":\"PropertyValueSpecification\",\"valueRequired\":true,\"valueName\":\"search_term_string\"}}],\"inLanguage\":\"fr-CA\"},{\"@type\":\"Organization\",\"@id\":\"https:\\\/\\\/www.eboutiquelumieresource.fr\\\/#organization\",\"name\":\"E.boutique Lumi\u00e8re Source et Nature\",\"url\":\"https:\\\/\\\/www.eboutiquelumieresource.fr\\\/\",\"logo\":{\"@type\":\"ImageObject\",\"inLanguage\":\"fr-CA\",\"@id\":\"https:\\\/\\\/www.eboutiquelumieresource.fr\\\/#\\\/schema\\\/logo\\\/image\\\/\",\"url\":\"https:\\\/\\\/i0.wp.com\\\/www.eboutiquelumieresource.fr\\\/wp-content\\\/uploads\\\/2023\\\/06\\\/logo-goutte-lumiere-source-et-nature-detoure.png?fit=256%2C263&ssl=1\",\"contentUrl\":\"https:\\\/\\\/i0.wp.com\\\/www.eboutiquelumieresource.fr\\\/wp-content\\\/uploads\\\/2023\\\/06\\\/logo-goutte-lumiere-source-et-nature-detoure.png?fit=256%2C263&ssl=1\",\"width\":256,\"height\":263,\"caption\":\"E.boutique Lumi\u00e8re Source et Nature\"},\"image\":{\"@id\":\"https:\\\/\\\/www.eboutiquelumieresource.fr\\\/#\\\/schema\\\/logo\\\/image\\\/\"},\"sameAs\":[\"https:\\\/\\\/www.facebook.com\\\/lumieresourceetnat\\\/?ref=page_internal\",\"https:\\\/\\\/www.instagram.com\\\/lumieresourceetnature\\\/\"]}]}<\/script>\n<!-- \/ Yoast SEO plugin. -->","yoast_head_json":{"title":"D\u00e9tente D-stress - E.boutique Lumi\u00e8re Source et Nature","robots":{"index":"index","follow":"follow","max-snippet":"max-snippet:-1","max-image-preview":"max-image-preview:large","max-video-preview":"max-video-preview:-1"},"canonical":"https:\/\/www.eboutiquelumieresource.fr\/index.php\/product\/detente-d-stress-200-gelules\/","og_locale":"fr_CA","og_type":"article","og_title":"D\u00e9tente D-stress - E.boutique Lumi\u00e8re Source et Nature","og_description":"D\u00e9tente D-stress est une association de cinq plantes traditionnellement connues pour les propri\u00e9t\u00e9s apaisantes :   la matricaire et la grande camomille favorisent la relaxation, elles aident l'esprit \u00e0 se calmer.  l'aub\u00e9prine est r\u00e9put\u00e9e pour ses propri\u00e9t\u00e9s apaisantes, elle contribue \u00e0 diminuer l'agitation et l'irritabilit\u00e9. Elle permet \u00e9galement de lutter contre les troubles du sommeil li\u00e9s \u00e0 l'anxi\u00e9t\u00e9 ou \u00e0 la nervosit\u00e9.  la passiflore aide \u00e9galement \u00e0 diminuer le stress et l'anxi\u00e9t\u00e9, elle participe \u00e0 la relaxation et facilite donc l'endormissement.  la marjolaine participe \u00e0 r\u00e9duire les effets de stress, elle a de nombreuses vertus calmantes et tranquillisantes pour le syst\u00e8me nerveux.","og_url":"https:\/\/www.eboutiquelumieresource.fr\/index.php\/product\/detente-d-stress-200-gelules\/","og_site_name":"E.boutique Lumi\u00e8re Source et Nature","article_publisher":"https:\/\/www.facebook.com\/lumieresourceetnat\/?ref=page_internal","article_modified_time":"2023-07-08T09:00:32+00:00","og_image":[{"width":300,"height":300,"url":"https:\/\/www.eboutiquelumieresource.fr\/wp-content\/uploads\/2023\/05\/DETENTE_DSTRESS_82DETCOT_200ml_150x69-300x300-1.jpg","type":"image\/jpeg"}],"twitter_card":"summary_large_image","twitter_misc":{"Estimation du temps de lecture":"1 minute"},"schema":{"@context":"https:\/\/schema.org","@graph":[{"@type":"WebPage","@id":"https:\/\/www.eboutiquelumieresource.fr\/index.php\/product\/detente-d-stress-200-gelules\/","url":"https:\/\/www.eboutiquelumieresource.fr\/index.php\/product\/detente-d-stress-200-gelules\/","name":"D\u00e9tente D-stress - E.boutique Lumi\u00e8re Source et Nature","isPartOf":{"@id":"https:\/\/www.eboutiquelumieresource.fr\/#website"},"primaryImageOfPage":{"@id":"https:\/\/www.eboutiquelumieresource.fr\/index.php\/product\/detente-d-stress-200-gelules\/#primaryimage"},"image":{"@id":"https:\/\/www.eboutiquelumieresource.fr\/index.php\/product\/detente-d-stress-200-gelules\/#primaryimage"},"thumbnailUrl":"https:\/\/i0.wp.com\/www.eboutiquelumieresource.fr\/wp-content\/uploads\/2023\/05\/DETENTE_DSTRESS_82DETCOT_200ml_150x69-300x300-1.jpg?fit=300%2C300&ssl=1","datePublished":"2023-05-29T13:08:27+00:00","dateModified":"2023-07-08T09:00:32+00:00","breadcrumb":{"@id":"https:\/\/www.eboutiquelumieresource.fr\/index.php\/product\/detente-d-stress-200-gelules\/#breadcrumb"},"inLanguage":"fr-CA","potentialAction":[{"@type":"ReadAction","target":["https:\/\/www.eboutiquelumieresource.fr\/index.php\/product\/detente-d-stress-200-gelules\/"]}]},{"@type":"ImageObject","inLanguage":"fr-CA","@id":"https:\/\/www.eboutiquelumieresource.fr\/index.php\/product\/detente-d-stress-200-gelules\/#primaryimage","url":"https:\/\/i0.wp.com\/www.eboutiquelumieresource.fr\/wp-content\/uploads\/2023\/05\/DETENTE_DSTRESS_82DETCOT_200ml_150x69-300x300-1.jpg?fit=300%2C300&ssl=1","contentUrl":"https:\/\/i0.wp.com\/www.eboutiquelumieresource.fr\/wp-content\/uploads\/2023\/05\/DETENTE_DSTRESS_82DETCOT_200ml_150x69-300x300-1.jpg?fit=300%2C300&ssl=1","width":300,"height":300,"caption":"d\u00e9tente d\u00e9stresse compl\u00e9ment alimentaire"},{"@type":"BreadcrumbList","@id":"https:\/\/www.eboutiquelumieresource.fr\/index.php\/product\/detente-d-stress-200-gelules\/#breadcrumb","itemListElement":[{"@type":"ListItem","position":1,"name":"Home","item":"https:\/\/www.eboutiquelumieresource.fr\/"},{"@type":"ListItem","position":2,"name":"Boutique","item":"https:\/\/www.eboutiquelumieresource.fr\/index.php\/boutique-lumiere-source-nature\/"},{"@type":"ListItem","position":3,"name":"D\u00e9tente D-stress"}]},{"@type":"WebSite","@id":"https:\/\/www.eboutiquelumieresource.fr\/#website","url":"https:\/\/www.eboutiquelumieresource.fr\/","name":"E.boutique Lumi\u00e8re Source et Nature","description":"Vos compl\u00e9ments alimentaires naturels","publisher":{"@id":"https:\/\/www.eboutiquelumieresource.fr\/#organization"},"potentialAction":[{"@type":"SearchAction","target":{"@type":"EntryPoint","urlTemplate":"https:\/\/www.eboutiquelumieresource.fr\/?s={search_term_string}"},"query-input":{"@type":"PropertyValueSpecification","valueRequired":true,"valueName":"search_term_string"}}],"inLanguage":"fr-CA"},{"@type":"Organization","@id":"https:\/\/www.eboutiquelumieresource.fr\/#organization","name":"E.boutique Lumi\u00e8re Source et Nature","url":"https:\/\/www.eboutiquelumieresource.fr\/","logo":{"@type":"ImageObject","inLanguage":"fr-CA","@id":"https:\/\/www.eboutiquelumieresource.fr\/#\/schema\/logo\/image\/","url":"https:\/\/i0.wp.com\/www.eboutiquelumieresource.fr\/wp-content\/uploads\/2023\/06\/logo-goutte-lumiere-source-et-nature-detoure.png?fit=256%2C263&ssl=1","contentUrl":"https:\/\/i0.wp.com\/www.eboutiquelumieresource.fr\/wp-content\/uploads\/2023\/06\/logo-goutte-lumiere-source-et-nature-detoure.png?fit=256%2C263&ssl=1","width":256,"height":263,"caption":"E.boutique Lumi\u00e8re Source et Nature"},"image":{"@id":"https:\/\/www.eboutiquelumieresource.fr\/#\/schema\/logo\/image\/"},"sameAs":["https:\/\/www.facebook.com\/lumieresourceetnat\/?ref=page_internal","https:\/\/www.instagram.com\/lumieresourceetnature\/"]}]}},"uagb_featured_image_src":{"full":["https:\/\/i0.wp.com\/www.eboutiquelumieresource.fr\/wp-content\/uploads\/2023\/05\/DETENTE_DSTRESS_82DETCOT_200ml_150x69-300x300-1.jpg?fit=300%2C300&ssl=1",300,300,false],"thumbnail":["https:\/\/i0.wp.com\/www.eboutiquelumieresource.fr\/wp-content\/uploads\/2023\/05\/DETENTE_DSTRESS_82DETCOT_200ml_150x69-300x300-1.jpg?resize=150%2C150&ssl=1",150,150,true],"medium":["https:\/\/i0.wp.com\/www.eboutiquelumieresource.fr\/wp-content\/uploads\/2023\/05\/DETENTE_DSTRESS_82DETCOT_200ml_150x69-300x300-1.jpg?fit=300%2C300&ssl=1",300,300,true],"medium_large":["https:\/\/i0.wp.com\/www.eboutiquelumieresource.fr\/wp-content\/uploads\/2023\/05\/DETENTE_DSTRESS_82DETCOT_200ml_150x69-300x300-1.jpg?fit=300%2C300&ssl=1",300,300,true],"large":["https:\/\/i0.wp.com\/www.eboutiquelumieresource.fr\/wp-content\/uploads\/2023\/05\/DETENTE_DSTRESS_82DETCOT_200ml_150x69-300x300-1.jpg?fit=300%2C300&ssl=1",300,300,true],"1536x1536":["https:\/\/i0.wp.com\/www.eboutiquelumieresource.fr\/wp-content\/uploads\/2023\/05\/DETENTE_DSTRESS_82DETCOT_200ml_150x69-300x300-1.jpg?fit=300%2C300&ssl=1",300,300,true],"2048x2048":["https:\/\/i0.wp.com\/www.eboutiquelumieresource.fr\/wp-content\/uploads\/2023\/05\/DETENTE_DSTRESS_82DETCOT_200ml_150x69-300x300-1.jpg?fit=300%2C300&ssl=1",300,300,true],"woocommerce_thumbnail":["https:\/\/i0.wp.com\/www.eboutiquelumieresource.fr\/wp-content\/uploads\/2023\/05\/DETENTE_DSTRESS_82DETCOT_200ml_150x69-300x300-1.jpg?resize=300%2C300&ssl=1",300,300,true],"woocommerce_single":["https:\/\/i0.wp.com\/www.eboutiquelumieresource.fr\/wp-content\/uploads\/2023\/05\/DETENTE_DSTRESS_82DETCOT_200ml_150x69-300x300-1.jpg?fit=300%2C300&ssl=1",300,300,true],"woocommerce_gallery_thumbnail":["https:\/\/i0.wp.com\/www.eboutiquelumieresource.fr\/wp-content\/uploads\/2023\/05\/DETENTE_DSTRESS_82DETCOT_200ml_150x69-300x300-1.jpg?resize=100%2C100&ssl=1",100,100,true]},"uagb_author_info":{"display_name":"admin6058","author_link":"https:\/\/www.eboutiquelumieresource.fr\/index.php\/author\/"},"uagb_comment_info":0,"uagb_excerpt":"D\u00e9tente D-stress est une association de cinq plantes traditionnellement connues pour les propri\u00e9t\u00e9s apaisantes : la matricaire et la grande camomille favorisent la relaxation, elles aident l'esprit \u00e0 se calmer. l'aub\u00e9prine est r\u00e9put\u00e9e pour ses propri\u00e9t\u00e9s apaisantes, elle contribue \u00e0 diminuer l'agitation et l'irritabilit\u00e9. Elle permet \u00e9galement de lutter contre les troubles du sommeil li\u00e9s&hellip;","jetpack-related-posts":[{"id":380,"url":"https:\/\/www.eboutiquelumieresource.fr\/index.php\/product\/glutathion-intracel-antioxydant\/","url_meta":{"origin":362,"position":0},"title":"Glutathion Intracel","author":"admin6058","date":"29 mai 2023","format":false,"excerpt":"Le glutathion intracel est un puissant antioxydant, il a des propri\u00e9t\u00e9s de d\u00e9toxification et c'est un tr\u00e8s bon antivieillissement. La glutathion est une prot\u00e9ine naturellement produite par l'organisme, il joue un r\u00f4le majeur dans le fonctionnement de celui-ci. Il est souvent pr\u00e9sent\u00e9 comme le plus important des antioxydants car il\u2026","rel":"","context":"Similar post","block_context":{"text":"Similar post","link":""},"img":{"alt_text":"GLUTATHION-INTRACEL compl\u00e9ment alimentaire OK La forme","src":"https:\/\/i0.wp.com\/gndvgah.cluster027.hosting.ovh.net\/wp-content\/uploads\/2023\/05\/GLUTATHION-INTRACEL_82GLU_300ml-300x300-1.jpg?resize=350%2C200","width":350,"height":200},"classes":[]},{"id":251,"url":"https:\/\/www.eboutiquelumieresource.fr\/index.php\/product\/arthrose-reduction-genes-articulaires\/","url_meta":{"origin":362,"position":1},"title":"Arthrose +","author":"admin6058","date":"25 mai 2023","format":false,"excerpt":"L'arthrose + contribue \u00e0 r\u00e9duire les g\u00eanes articulaires gr\u00e2ce \u00e0 sa formule concentr\u00e9e en glucosamine, chondro\u00eftine, ortie, curcuma, vitamine C, mangan\u00e8se et cuivre. L'extrait de curcuma aide \u00e0 pr\u00e9server le cartilage articulaire. La vitamine C contribue \u00e0 la formation normale de collag\u00e8ne pour un fonctionnement optimal des articulations. Le mangan\u00e8se\u2026","rel":"","context":"Similar post","block_context":{"text":"Similar post","link":""},"img":{"alt_text":"ARTHROSE_Plus_150ml_150x69_PLA-300x300","src":"https:\/\/i0.wp.com\/www.eboutiquelumieresource.fr\/wp-content\/uploads\/2023\/05\/ARTHROSE_Plus_150ml_150x69_PLA-300x300-1.jpg?resize=350%2C200&ssl=1","width":350,"height":200},"classes":[]},{"id":260,"url":"https:\/\/www.eboutiquelumieresource.fr\/index.php\/product\/berberine-complexe-glycemie-glucose\/","url_meta":{"origin":362,"position":2},"title":"Berb\u00e9rine complexe","author":"admin6058","date":"25 mai 2023","format":false,"excerpt":"La berb\u00e9rine complexe contribue au maintien d'une bonne glyc\u00e9mie gr\u00e2ce \u00e0 ces trois ingr\u00e9dients : le berb\u00e9ris, son composant actif la berb\u00e9rine, favorise le contr\u00f4le du taux de glucose dans le sang le cannelier de chine, une des plantes majeures de la m\u00e9decine chinoise, contribue \u00e0 la diminution du glucose\u2026","rel":"","context":"Similar post","block_context":{"text":"Similar post","link":""},"img":{"alt_text":"berb\u00e9rine complexe compl\u00e9ment alimentaire","src":"https:\/\/i0.wp.com\/www.eboutiquelumieresource.fr\/wp-content\/uploads\/2023\/05\/BERBERINE-CPX_75ml_110x50_PLA-300x300-1.jpg?resize=350%2C200&ssl=1","width":350,"height":200},"classes":[]},{"id":358,"url":"https:\/\/www.eboutiquelumieresource.fr\/index.php\/product\/curpi\/","url_meta":{"origin":362,"position":3},"title":"CURPI +","author":"admin6058","date":"26 mai 2023","format":false,"excerpt":"Le curcumine pip\u00e9rine aide \u00e0 maintenir la sant\u00e9 des articulations et des os. La curcumine (principe actif du curcuma) poss\u00e8de de nombreux bienfaits. Elle soutient l'activit\u00e9 antioxydante et aide \u00e0 ralentir les signes du vieillissement. Elle aide \u00e9galement \u00e0 r\u00e9duire les inconforts articulaires et favorise la mobilit\u00e9. Le Curcumine pip\u00e9rine\u2026","rel":"","context":"Similar post","block_context":{"text":"Similar post","link":""},"img":{"alt_text":"curpi+ compl\u00e9ment alimentaire OK la Forme articulation et ossature","src":"https:\/\/i0.wp.com\/www.eboutiquelumieresource.fr\/wp-content\/uploads\/2023\/05\/CURPI_Plus_150ml_150x69_PLA.jpg?fit=400%2C400&ssl=1&resize=350%2C200","width":350,"height":200},"classes":[]},{"id":343,"url":"https:\/\/www.eboutiquelumieresource.fr\/index.php\/product\/chrysanthellum-americanum-jambes-lourdes-systeme-circulatoire\/","url_meta":{"origin":362,"position":4},"title":"Chrysanthellum americanum +","author":"admin6058","date":"26 mai 2023","format":false,"excerpt":"Le Chrysanthellum est une plante tropicale \u00e9galement appel\u00e9e \"camomille dor\u00e9e\". Elle aide \u00e0 soulager les jambes lourdes en stimulant la circulation. Gr\u00e2ce \u00e0 ses extraits le Chrysanthellum\u00a0 le stockage des graisses est ralenti par les adipocytes, ce qui entra\u00eene la r\u00e9duction du taux de cholest\u00e9rol et de triglyc\u00e9rides dans le\u2026","rel":"","context":"Similar post","block_context":{"text":"Similar post","link":""},"img":{"alt_text":"chrysanthellum americanum compl\u00e9ment alimentaire circualtion","src":"https:\/\/i0.wp.com\/www.eboutiquelumieresource.fr\/wp-content\/uploads\/2023\/05\/Chrysanthellum_82CHRY60_150ml.jpg?fit=400%2C400&ssl=1&resize=350%2C200","width":350,"height":200},"classes":[]},{"id":364,"url":"https:\/\/www.eboutiquelumieresource.fr\/index.php\/product\/detox-foie-complement-alimentaire-ok-la-forme\/","url_meta":{"origin":362,"position":5},"title":"D\u00e9tox foie 200 G\u00e9lules- Bon fonctionnement du foie","author":"admin6058","date":"29 mai 2023","format":false,"excerpt":"Le Foie D\u00e9tox contribue au bon fonctionnement du foie. Il facilite la digestion et assainit l'organisme gr\u00e2ce \u00e0 ces trois compos\u00e9s : le chardon-marie est une plante digestive et connue pour ses vertus protectrices du foie. C'est un tr\u00e8s bon d\u00e9toxifiant. les extraits d'artichaut et de radis noir ont une\u2026","rel":"","context":"Similar post","block_context":{"text":"Similar post","link":""},"img":{"alt_text":"Flacon 200 g\u00e9lules D\u00e9tox foie","src":"https:\/\/i0.wp.com\/www.eboutiquelumieresource.fr\/wp-content\/uploads\/2023\/05\/petite-Capture-fococlipping-standard.jpeg?resize=350%2C200&ssl=1","width":350,"height":200},"classes":[]}],"_links":{"self":[{"href":"https:\/\/www.eboutiquelumieresource.fr\/index.php\/wp-json\/wp\/v2\/product\/362","targetHints":{"allow":["GET"]}}],"collection":[{"href":"https:\/\/www.eboutiquelumieresource.fr\/index.php\/wp-json\/wp\/v2\/product"}],"about":[{"href":"https:\/\/www.eboutiquelumieresource.fr\/index.php\/wp-json\/wp\/v2\/types\/product"}],"replies":[{"embeddable":true,"href":"https:\/\/www.eboutiquelumieresource.fr\/index.php\/wp-json\/wp\/v2\/comments?post=362"}],"wp:featuredmedia":[{"embeddable":true,"href":"https:\/\/www.eboutiquelumieresource.fr\/index.php\/wp-json\/wp\/v2\/media\/363"}],"wp:attachment":[{"href":"https:\/\/www.eboutiquelumieresource.fr\/index.php\/wp-json\/wp\/v2\/media?parent=362"}],"wp:term":[{"taxonomy":"product_brand","embeddable":true,"href":"https:\/\/www.eboutiquelumieresource.fr\/index.php\/wp-json\/wp\/v2\/product_brand?post=362"},{"taxonomy":"product_cat","embeddable":true,"href":"https:\/\/www.eboutiquelumieresource.fr\/index.php\/wp-json\/wp\/v2\/product_cat?post=362"},{"taxonomy":"product_tag","embeddable":true,"href":"https:\/\/www.eboutiquelumieresource.fr\/index.php\/wp-json\/wp\/v2\/product_tag?post=362"}],"curies":[{"name":"wp","href":"https:\/\/api.w.org\/{rel}","templated":true}]}}