{"id":358,"date":"2023-05-26T13:35:37","date_gmt":"2023-05-26T11:35:37","guid":{"rendered":"http:\/\/gndvgah.cluster027.hosting.ovh.net\/?post_type=product&#038;p=358"},"modified":"2023-09-15T10:53:24","modified_gmt":"2023-09-15T08:53:24","slug":"curpi","status":"publish","type":"product","link":"https:\/\/www.eboutiquelumieresource.fr\/index.php\/product\/curpi\/","title":{"rendered":"CURPI +"},"content":{"rendered":"<p>Curcumine pip\u00e9rine ou CURPI +<\/p>\n<p>L&rsquo;extrait de rhizome de curcuma (curcuma long), titr\u00e9 \u00e0 75% de curcumine, aide \u00e0 maintenir la sant\u00e9 des articulations et des os. Il est associ\u00e9 \u00e0 la pip\u00e9rine issue du poivre noir ( Piper nigrum) qui contribue \u00e0 son activit\u00e9.<\/p>\n<p>Composition pour 2 g\u00e9lules :<\/p>\n<ul>\n<li>Extrait de curcuma : 210 mg dont curcumino\u00efdes : 199,5 mg<\/li>\n<li>Curcumine : 157,5 mg<\/li>\n<li>Pip\u00e9rine : 2,66 mg<\/li>\n<\/ul>\n<p>Notre conseil :<\/p>\n<ul>\n<li>Cure de 1 mois<\/li>\n<li>2 g\u00e9lules par jour avec un verre d&rsquo;eau<\/li>\n<\/ul>\n<p>&nbsp;<\/p>\n<p><img data-recalc-dims=\"1\" fetchpriority=\"high\" decoding=\"async\" class=\"attachment-266x266 size-266x266\" src=\"https:\/\/i0.wp.com\/www.eboutiquelumieresource.fr\/wp-content\/uploads\/2023\/05\/CURPI_Plus_150ml_150x69_PLA.jpg?resize=266%2C266&#038;ssl=1\" sizes=\"(max-width: 266px) 100vw, 266px\" srcset=\"https:\/\/i0.wp.com\/www.eboutiquelumieresource.fr\/wp-content\/uploads\/2023\/05\/CURPI_Plus_150ml_150x69_PLA.jpg?resize=300%2C300&amp;ssl=1 300w, https:\/\/i0.wp.com\/www.eboutiquelumieresource.fr\/wp-content\/uploads\/2023\/05\/CURPI_Plus_150ml_150x69_PLA.jpg?resize=150%2C150&amp;ssl=1 150w, https:\/\/i0.wp.com\/www.eboutiquelumieresource.fr\/wp-content\/uploads\/2023\/05\/CURPI_Plus_150ml_150x69_PLA.jpg?resize=100%2C100&amp;ssl=1 100w, https:\/\/i0.wp.com\/www.eboutiquelumieresource.fr\/wp-content\/uploads\/2023\/05\/CURPI_Plus_150ml_150x69_PLA.jpg?w=400&amp;ssl=1 400w\" alt=\"curpi+ compl\u00e9ment alimentaire OK la Forme articulation et ossature\" width=\"266\" height=\"266\" \/><\/p>\n","protected":false},"excerpt":{"rendered":"<p>Le curcumine pip\u00e9rine aide \u00e0 maintenir la sant\u00e9 des articulations et des os. La curcumine (principe actif du curcuma) poss\u00e8de de nombreux bienfaits. Elle soutient l&rsquo;activit\u00e9 antioxydante et aide \u00e0 ralentir les signes du vieillissement. Elle aide \u00e9galement \u00e0 r\u00e9duire les inconforts articulaires et favorise la mobilit\u00e9. Le Curcumine pip\u00e9rine est associ\u00e9 \u00e0 la pip\u00e9rine issue du poivre noir qui contribue \u00e0 son activit\u00e9.<\/p>\n","protected":false},"featured_media":632,"comment_status":"open","ping_status":"closed","template":"","meta":{"_uag_custom_page_level_css":"","_kadence_starter_templates_imported_post":false,"_kad_post_transparent":"default","_kad_post_title":"","_kad_post_layout":"default","_kad_post_sidebar_id":"","_kad_post_content_style":"default","_kad_post_vertical_padding":"default","_kad_post_feature":"","_kad_post_feature_position":"","_kad_post_header":false,"_kad_post_footer":false,"_kad_post_classname":""},"product_brand":[],"product_cat":[22],"product_tag":[28],"class_list":{"0":"post-358","1":"product","2":"type-product","3":"status-publish","4":"has-post-thumbnail","6":"product_cat-articulationsossature","7":"product_tag-100-gelules","9":"first","10":"instock","11":"taxable","12":"shipping-taxable","13":"purchasable","14":"product-type-simple","15":"entry","16":"content-bg","17":"loop-entry"},"yoast_head":"<!-- This site is optimized with the Yoast SEO plugin v27.4 - https:\/\/yoast.com\/product\/yoast-seo-wordpress\/ -->\n<title>CURPI + - Articulation et ossature - E.boutique Lumi\u00e8re Source et Nature<\/title>\n<meta name=\"description\" content=\"L&#039;extrait de rhizome de curcuma aide \u00e0 maintenir la sant\u00e9 des articulations et des os. Il est associ\u00e9 \u00e0 la pip\u00e9rine issue du poivre noir qui contribue \u00e0 son activit\u00e9.\" \/>\n<meta name=\"robots\" content=\"index, follow, max-snippet:-1, max-image-preview:large, max-video-preview:-1\" \/>\n<link rel=\"canonical\" href=\"https:\/\/www.eboutiquelumieresource.fr\/index.php\/product\/curpi\/\" \/>\n<meta property=\"og:locale\" content=\"fr_CA\" \/>\n<meta property=\"og:type\" content=\"article\" \/>\n<meta property=\"og:title\" content=\"CURPI + - Articulation et ossature - E.boutique Lumi\u00e8re Source et Nature\" \/>\n<meta property=\"og:description\" content=\"L&#039;extrait de rhizome de curcuma aide \u00e0 maintenir la sant\u00e9 des articulations et des os. Il est associ\u00e9 \u00e0 la pip\u00e9rine issue du poivre noir qui contribue \u00e0 son activit\u00e9.\" \/>\n<meta property=\"og:url\" content=\"https:\/\/www.eboutiquelumieresource.fr\/index.php\/product\/curpi\/\" \/>\n<meta property=\"og:site_name\" content=\"E.boutique Lumi\u00e8re Source et Nature\" \/>\n<meta property=\"article:publisher\" content=\"https:\/\/www.facebook.com\/lumieresourceetnat\/?ref=page_internal\" \/>\n<meta property=\"article:modified_time\" content=\"2023-09-15T08:53:24+00:00\" \/>\n<meta property=\"og:image\" content=\"https:\/\/www.eboutiquelumieresource.fr\/wp-content\/uploads\/2023\/05\/CURPI_Plus_150ml_150x69_PLA.jpg\" \/>\n\t<meta property=\"og:image:width\" content=\"400\" \/>\n\t<meta property=\"og:image:height\" content=\"400\" \/>\n\t<meta property=\"og:image:type\" content=\"image\/jpeg\" \/>\n<meta name=\"twitter:card\" content=\"summary_large_image\" \/>\n<meta name=\"twitter:label1\" content=\"Estimation du temps de lecture\" \/>\n\t<meta name=\"twitter:data1\" content=\"1 minute\" \/>\n<script type=\"application\/ld+json\" class=\"yoast-schema-graph\">{\"@context\":\"https:\\\/\\\/schema.org\",\"@graph\":[{\"@type\":\"WebPage\",\"@id\":\"https:\\\/\\\/www.eboutiquelumieresource.fr\\\/index.php\\\/product\\\/curpi\\\/\",\"url\":\"https:\\\/\\\/www.eboutiquelumieresource.fr\\\/index.php\\\/product\\\/curpi\\\/\",\"name\":\"CURPI + - Articulation et ossature - E.boutique Lumi\u00e8re Source et Nature\",\"isPartOf\":{\"@id\":\"https:\\\/\\\/www.eboutiquelumieresource.fr\\\/#website\"},\"primaryImageOfPage\":{\"@id\":\"https:\\\/\\\/www.eboutiquelumieresource.fr\\\/index.php\\\/product\\\/curpi\\\/#primaryimage\"},\"image\":{\"@id\":\"https:\\\/\\\/www.eboutiquelumieresource.fr\\\/index.php\\\/product\\\/curpi\\\/#primaryimage\"},\"thumbnailUrl\":\"https:\\\/\\\/i0.wp.com\\\/www.eboutiquelumieresource.fr\\\/wp-content\\\/uploads\\\/2023\\\/05\\\/CURPI_Plus_150ml_150x69_PLA.jpg?fit=400%2C400&ssl=1\",\"datePublished\":\"2023-05-26T11:35:37+00:00\",\"dateModified\":\"2023-09-15T08:53:24+00:00\",\"description\":\"L'extrait de rhizome de curcuma aide \u00e0 maintenir la sant\u00e9 des articulations et des os. Il est associ\u00e9 \u00e0 la pip\u00e9rine issue du poivre noir qui contribue \u00e0 son activit\u00e9.\",\"breadcrumb\":{\"@id\":\"https:\\\/\\\/www.eboutiquelumieresource.fr\\\/index.php\\\/product\\\/curpi\\\/#breadcrumb\"},\"inLanguage\":\"fr-CA\",\"potentialAction\":[{\"@type\":\"ReadAction\",\"target\":[\"https:\\\/\\\/www.eboutiquelumieresource.fr\\\/index.php\\\/product\\\/curpi\\\/\"]}]},{\"@type\":\"ImageObject\",\"inLanguage\":\"fr-CA\",\"@id\":\"https:\\\/\\\/www.eboutiquelumieresource.fr\\\/index.php\\\/product\\\/curpi\\\/#primaryimage\",\"url\":\"https:\\\/\\\/i0.wp.com\\\/www.eboutiquelumieresource.fr\\\/wp-content\\\/uploads\\\/2023\\\/05\\\/CURPI_Plus_150ml_150x69_PLA.jpg?fit=400%2C400&ssl=1\",\"contentUrl\":\"https:\\\/\\\/i0.wp.com\\\/www.eboutiquelumieresource.fr\\\/wp-content\\\/uploads\\\/2023\\\/05\\\/CURPI_Plus_150ml_150x69_PLA.jpg?fit=400%2C400&ssl=1\",\"width\":400,\"height\":400,\"caption\":\"curpi+ compl\u00e9ment alimentaire OK la Forme articulation et ossature\"},{\"@type\":\"BreadcrumbList\",\"@id\":\"https:\\\/\\\/www.eboutiquelumieresource.fr\\\/index.php\\\/product\\\/curpi\\\/#breadcrumb\",\"itemListElement\":[{\"@type\":\"ListItem\",\"position\":1,\"name\":\"Home\",\"item\":\"https:\\\/\\\/www.eboutiquelumieresource.fr\\\/\"},{\"@type\":\"ListItem\",\"position\":2,\"name\":\"Boutique\",\"item\":\"https:\\\/\\\/www.eboutiquelumieresource.fr\\\/index.php\\\/boutique-lumiere-source-nature\\\/\"},{\"@type\":\"ListItem\",\"position\":3,\"name\":\"CURPI +\"}]},{\"@type\":\"WebSite\",\"@id\":\"https:\\\/\\\/www.eboutiquelumieresource.fr\\\/#website\",\"url\":\"https:\\\/\\\/www.eboutiquelumieresource.fr\\\/\",\"name\":\"E.boutique Lumi\u00e8re Source et Nature\",\"description\":\"Vos compl\u00e9ments alimentaires naturels\",\"publisher\":{\"@id\":\"https:\\\/\\\/www.eboutiquelumieresource.fr\\\/#organization\"},\"potentialAction\":[{\"@type\":\"SearchAction\",\"target\":{\"@type\":\"EntryPoint\",\"urlTemplate\":\"https:\\\/\\\/www.eboutiquelumieresource.fr\\\/?s={search_term_string}\"},\"query-input\":{\"@type\":\"PropertyValueSpecification\",\"valueRequired\":true,\"valueName\":\"search_term_string\"}}],\"inLanguage\":\"fr-CA\"},{\"@type\":\"Organization\",\"@id\":\"https:\\\/\\\/www.eboutiquelumieresource.fr\\\/#organization\",\"name\":\"E.boutique Lumi\u00e8re Source et Nature\",\"url\":\"https:\\\/\\\/www.eboutiquelumieresource.fr\\\/\",\"logo\":{\"@type\":\"ImageObject\",\"inLanguage\":\"fr-CA\",\"@id\":\"https:\\\/\\\/www.eboutiquelumieresource.fr\\\/#\\\/schema\\\/logo\\\/image\\\/\",\"url\":\"https:\\\/\\\/i0.wp.com\\\/www.eboutiquelumieresource.fr\\\/wp-content\\\/uploads\\\/2023\\\/06\\\/logo-goutte-lumiere-source-et-nature-detoure.png?fit=256%2C263&ssl=1\",\"contentUrl\":\"https:\\\/\\\/i0.wp.com\\\/www.eboutiquelumieresource.fr\\\/wp-content\\\/uploads\\\/2023\\\/06\\\/logo-goutte-lumiere-source-et-nature-detoure.png?fit=256%2C263&ssl=1\",\"width\":256,\"height\":263,\"caption\":\"E.boutique Lumi\u00e8re Source et Nature\"},\"image\":{\"@id\":\"https:\\\/\\\/www.eboutiquelumieresource.fr\\\/#\\\/schema\\\/logo\\\/image\\\/\"},\"sameAs\":[\"https:\\\/\\\/www.facebook.com\\\/lumieresourceetnat\\\/?ref=page_internal\",\"https:\\\/\\\/www.instagram.com\\\/lumieresourceetnature\\\/\"]}]}<\/script>\n<!-- \/ Yoast SEO plugin. -->","yoast_head_json":{"title":"CURPI + - Articulation et ossature - E.boutique Lumi\u00e8re Source et Nature","description":"L'extrait de rhizome de curcuma aide \u00e0 maintenir la sant\u00e9 des articulations et des os. Il est associ\u00e9 \u00e0 la pip\u00e9rine issue du poivre noir qui contribue \u00e0 son activit\u00e9.","robots":{"index":"index","follow":"follow","max-snippet":"max-snippet:-1","max-image-preview":"max-image-preview:large","max-video-preview":"max-video-preview:-1"},"canonical":"https:\/\/www.eboutiquelumieresource.fr\/index.php\/product\/curpi\/","og_locale":"fr_CA","og_type":"article","og_title":"CURPI + - Articulation et ossature - E.boutique Lumi\u00e8re Source et Nature","og_description":"L'extrait de rhizome de curcuma aide \u00e0 maintenir la sant\u00e9 des articulations et des os. Il est associ\u00e9 \u00e0 la pip\u00e9rine issue du poivre noir qui contribue \u00e0 son activit\u00e9.","og_url":"https:\/\/www.eboutiquelumieresource.fr\/index.php\/product\/curpi\/","og_site_name":"E.boutique Lumi\u00e8re Source et Nature","article_publisher":"https:\/\/www.facebook.com\/lumieresourceetnat\/?ref=page_internal","article_modified_time":"2023-09-15T08:53:24+00:00","og_image":[{"width":400,"height":400,"url":"https:\/\/www.eboutiquelumieresource.fr\/wp-content\/uploads\/2023\/05\/CURPI_Plus_150ml_150x69_PLA.jpg","type":"image\/jpeg"}],"twitter_card":"summary_large_image","twitter_misc":{"Estimation du temps de lecture":"1 minute"},"schema":{"@context":"https:\/\/schema.org","@graph":[{"@type":"WebPage","@id":"https:\/\/www.eboutiquelumieresource.fr\/index.php\/product\/curpi\/","url":"https:\/\/www.eboutiquelumieresource.fr\/index.php\/product\/curpi\/","name":"CURPI + - Articulation et ossature - E.boutique Lumi\u00e8re Source et Nature","isPartOf":{"@id":"https:\/\/www.eboutiquelumieresource.fr\/#website"},"primaryImageOfPage":{"@id":"https:\/\/www.eboutiquelumieresource.fr\/index.php\/product\/curpi\/#primaryimage"},"image":{"@id":"https:\/\/www.eboutiquelumieresource.fr\/index.php\/product\/curpi\/#primaryimage"},"thumbnailUrl":"https:\/\/i0.wp.com\/www.eboutiquelumieresource.fr\/wp-content\/uploads\/2023\/05\/CURPI_Plus_150ml_150x69_PLA.jpg?fit=400%2C400&ssl=1","datePublished":"2023-05-26T11:35:37+00:00","dateModified":"2023-09-15T08:53:24+00:00","description":"L'extrait de rhizome de curcuma aide \u00e0 maintenir la sant\u00e9 des articulations et des os. Il est associ\u00e9 \u00e0 la pip\u00e9rine issue du poivre noir qui contribue \u00e0 son activit\u00e9.","breadcrumb":{"@id":"https:\/\/www.eboutiquelumieresource.fr\/index.php\/product\/curpi\/#breadcrumb"},"inLanguage":"fr-CA","potentialAction":[{"@type":"ReadAction","target":["https:\/\/www.eboutiquelumieresource.fr\/index.php\/product\/curpi\/"]}]},{"@type":"ImageObject","inLanguage":"fr-CA","@id":"https:\/\/www.eboutiquelumieresource.fr\/index.php\/product\/curpi\/#primaryimage","url":"https:\/\/i0.wp.com\/www.eboutiquelumieresource.fr\/wp-content\/uploads\/2023\/05\/CURPI_Plus_150ml_150x69_PLA.jpg?fit=400%2C400&ssl=1","contentUrl":"https:\/\/i0.wp.com\/www.eboutiquelumieresource.fr\/wp-content\/uploads\/2023\/05\/CURPI_Plus_150ml_150x69_PLA.jpg?fit=400%2C400&ssl=1","width":400,"height":400,"caption":"curpi+ compl\u00e9ment alimentaire OK la Forme articulation et ossature"},{"@type":"BreadcrumbList","@id":"https:\/\/www.eboutiquelumieresource.fr\/index.php\/product\/curpi\/#breadcrumb","itemListElement":[{"@type":"ListItem","position":1,"name":"Home","item":"https:\/\/www.eboutiquelumieresource.fr\/"},{"@type":"ListItem","position":2,"name":"Boutique","item":"https:\/\/www.eboutiquelumieresource.fr\/index.php\/boutique-lumiere-source-nature\/"},{"@type":"ListItem","position":3,"name":"CURPI +"}]},{"@type":"WebSite","@id":"https:\/\/www.eboutiquelumieresource.fr\/#website","url":"https:\/\/www.eboutiquelumieresource.fr\/","name":"E.boutique Lumi\u00e8re Source et Nature","description":"Vos compl\u00e9ments alimentaires naturels","publisher":{"@id":"https:\/\/www.eboutiquelumieresource.fr\/#organization"},"potentialAction":[{"@type":"SearchAction","target":{"@type":"EntryPoint","urlTemplate":"https:\/\/www.eboutiquelumieresource.fr\/?s={search_term_string}"},"query-input":{"@type":"PropertyValueSpecification","valueRequired":true,"valueName":"search_term_string"}}],"inLanguage":"fr-CA"},{"@type":"Organization","@id":"https:\/\/www.eboutiquelumieresource.fr\/#organization","name":"E.boutique Lumi\u00e8re Source et Nature","url":"https:\/\/www.eboutiquelumieresource.fr\/","logo":{"@type":"ImageObject","inLanguage":"fr-CA","@id":"https:\/\/www.eboutiquelumieresource.fr\/#\/schema\/logo\/image\/","url":"https:\/\/i0.wp.com\/www.eboutiquelumieresource.fr\/wp-content\/uploads\/2023\/06\/logo-goutte-lumiere-source-et-nature-detoure.png?fit=256%2C263&ssl=1","contentUrl":"https:\/\/i0.wp.com\/www.eboutiquelumieresource.fr\/wp-content\/uploads\/2023\/06\/logo-goutte-lumiere-source-et-nature-detoure.png?fit=256%2C263&ssl=1","width":256,"height":263,"caption":"E.boutique Lumi\u00e8re Source et Nature"},"image":{"@id":"https:\/\/www.eboutiquelumieresource.fr\/#\/schema\/logo\/image\/"},"sameAs":["https:\/\/www.facebook.com\/lumieresourceetnat\/?ref=page_internal","https:\/\/www.instagram.com\/lumieresourceetnature\/"]}]}},"uagb_featured_image_src":{"full":["https:\/\/i0.wp.com\/www.eboutiquelumieresource.fr\/wp-content\/uploads\/2023\/05\/CURPI_Plus_150ml_150x69_PLA.jpg?fit=400%2C400&ssl=1",400,400,false],"thumbnail":["https:\/\/i0.wp.com\/www.eboutiquelumieresource.fr\/wp-content\/uploads\/2023\/05\/CURPI_Plus_150ml_150x69_PLA.jpg?resize=150%2C150&ssl=1",150,150,true],"medium":["https:\/\/i0.wp.com\/www.eboutiquelumieresource.fr\/wp-content\/uploads\/2023\/05\/CURPI_Plus_150ml_150x69_PLA.jpg?fit=300%2C300&ssl=1",300,300,true],"medium_large":["https:\/\/i0.wp.com\/www.eboutiquelumieresource.fr\/wp-content\/uploads\/2023\/05\/CURPI_Plus_150ml_150x69_PLA.jpg?fit=400%2C400&ssl=1",400,400,true],"large":["https:\/\/i0.wp.com\/www.eboutiquelumieresource.fr\/wp-content\/uploads\/2023\/05\/CURPI_Plus_150ml_150x69_PLA.jpg?fit=400%2C400&ssl=1",400,400,true],"1536x1536":["https:\/\/i0.wp.com\/www.eboutiquelumieresource.fr\/wp-content\/uploads\/2023\/05\/CURPI_Plus_150ml_150x69_PLA.jpg?fit=400%2C400&ssl=1",400,400,true],"2048x2048":["https:\/\/i0.wp.com\/www.eboutiquelumieresource.fr\/wp-content\/uploads\/2023\/05\/CURPI_Plus_150ml_150x69_PLA.jpg?fit=400%2C400&ssl=1",400,400,true],"woocommerce_thumbnail":["https:\/\/i0.wp.com\/www.eboutiquelumieresource.fr\/wp-content\/uploads\/2023\/05\/CURPI_Plus_150ml_150x69_PLA.jpg?resize=300%2C300&ssl=1",300,300,true],"woocommerce_single":["https:\/\/i0.wp.com\/www.eboutiquelumieresource.fr\/wp-content\/uploads\/2023\/05\/CURPI_Plus_150ml_150x69_PLA.jpg?fit=400%2C400&ssl=1",400,400,true],"woocommerce_gallery_thumbnail":["https:\/\/i0.wp.com\/www.eboutiquelumieresource.fr\/wp-content\/uploads\/2023\/05\/CURPI_Plus_150ml_150x69_PLA.jpg?resize=100%2C100&ssl=1",100,100,true]},"uagb_author_info":{"display_name":"admin6058","author_link":"https:\/\/www.eboutiquelumieresource.fr\/index.php\/author\/"},"uagb_comment_info":0,"uagb_excerpt":"Le curcumine pip\u00e9rine aide \u00e0 maintenir la sant\u00e9 des articulations et des os. La curcumine (principe actif du curcuma) poss\u00e8de de nombreux bienfaits. Elle soutient l'activit\u00e9 antioxydante et aide \u00e0 ralentir les signes du vieillissement. Elle aide \u00e9galement \u00e0 r\u00e9duire les inconforts articulaires et favorise la mobilit\u00e9. Le Curcumine pip\u00e9rine est associ\u00e9 \u00e0 la pip\u00e9rine&hellip;","jetpack-related-posts":[{"id":251,"url":"https:\/\/www.eboutiquelumieresource.fr\/index.php\/product\/arthrose-reduction-genes-articulaires\/","url_meta":{"origin":358,"position":0},"title":"Arthrose +","author":"admin6058","date":"25 mai 2023","format":false,"excerpt":"L'arthrose + contribue \u00e0 r\u00e9duire les g\u00eanes articulaires gr\u00e2ce \u00e0 sa formule concentr\u00e9e en glucosamine, chondro\u00eftine, ortie, curcuma, vitamine C, mangan\u00e8se et cuivre. L'extrait de curcuma aide \u00e0 pr\u00e9server le cartilage articulaire. La vitamine C contribue \u00e0 la formation normale de collag\u00e8ne pour un fonctionnement optimal des articulations. Le mangan\u00e8se\u2026","rel":"","context":"Similar post","block_context":{"text":"Similar post","link":""},"img":{"alt_text":"ARTHROSE_Plus_150ml_150x69_PLA-300x300","src":"https:\/\/i0.wp.com\/www.eboutiquelumieresource.fr\/wp-content\/uploads\/2023\/05\/ARTHROSE_Plus_150ml_150x69_PLA-300x300-1.jpg?resize=350%2C200&ssl=1","width":350,"height":200},"classes":[]},{"id":380,"url":"https:\/\/www.eboutiquelumieresource.fr\/index.php\/product\/glutathion-intracel-antioxydant\/","url_meta":{"origin":358,"position":1},"title":"Glutathion Intracel","author":"admin6058","date":"29 mai 2023","format":false,"excerpt":"Le glutathion intracel est un puissant antioxydant, il a des propri\u00e9t\u00e9s de d\u00e9toxification et c'est un tr\u00e8s bon antivieillissement. La glutathion est une prot\u00e9ine naturellement produite par l'organisme, il joue un r\u00f4le majeur dans le fonctionnement de celui-ci. Il est souvent pr\u00e9sent\u00e9 comme le plus important des antioxydants car il\u2026","rel":"","context":"Similar post","block_context":{"text":"Similar post","link":""},"img":{"alt_text":"GLUTATHION-INTRACEL compl\u00e9ment alimentaire OK La forme","src":"https:\/\/i0.wp.com\/gndvgah.cluster027.hosting.ovh.net\/wp-content\/uploads\/2023\/05\/GLUTATHION-INTRACEL_82GLU_300ml-300x300-1.jpg?resize=350%2C200","width":350,"height":200},"classes":[]},{"id":353,"url":"https:\/\/www.eboutiquelumieresource.fr\/index.php\/product\/collagene-marin-articulation-cartilage\/","url_meta":{"origin":358,"position":2},"title":"Collag\u00e8ne marin","author":"admin6058","date":"26 mai 2023","format":false,"excerpt":"Le collag\u00e8ne est une prot\u00e9ine qui est pr\u00e9sente dans le corps humain ; elle en assure la structure, la r\u00e9sistance, la r\u00e9g\u00e9n\u00e9ration et l'\u00e9lasticit\u00e9. Le collag\u00e8ne marin est extrait des peaux, des ar\u00eates, des \u00e9cailles de poissons et d'autres organismes marins. Avec l'\u00e2ge, la production du collag\u00e8ne par l'organisme diminue\u2026","rel":"","context":"Similar post","block_context":{"text":"Similar post","link":""},"img":{"alt_text":"Collag\u00e8ne marin compl\u00e9ment alimentaire articulation et ossature","src":"https:\/\/i0.wp.com\/www.eboutiquelumieresource.fr\/wp-content\/uploads\/2023\/05\/COLLAGENE_MARIN_150ml_150x69_PLA.jpg?fit=400%2C400&ssl=1&resize=350%2C200","width":350,"height":200},"classes":[]},{"id":391,"url":"https:\/\/www.eboutiquelumieresource.fr\/index.php\/product\/jkm-100-anti-inflammatoire\/","url_meta":{"origin":358,"position":3},"title":"JKM 100 &#8211; anti-inflammatoire","author":"admin6058","date":"29 mai 2023","format":false,"excerpt":"Le JKM 100 est un complexe d\u00e9di\u00e9 aux articulations gr\u00e2ce \u00e0 ses compos\u00e9s : L'ortie aide \u00e0 soulager les douleurs articulaires et favorise la remin\u00e9ralisation des os. La glucosamine issue des carapaces de crustac\u00e9s, est pr\u00e9sente dans tous les tissus conjonctifs de l'organisme et est b\u00e9n\u00e9fique pour le cartilage des\u2026","rel":"","context":"Similar post","block_context":{"text":"Similar post","link":""},"img":{"alt_text":"jkm 100","src":"https:\/\/i0.wp.com\/gndvgah.cluster027.hosting.ovh.net\/wp-content\/uploads\/2023\/05\/JKM100_82JKM100_200ml-300x300-1.jpg?resize=350%2C200","width":350,"height":200},"classes":[]},{"id":411,"url":"https:\/\/www.eboutiquelumieresource.fr\/index.php\/product\/psycho-emotionnel\/","url_meta":{"origin":358,"position":4},"title":"Psycho-\u00e9motionnel 200 g\u00e9l","author":"admin6058","date":"29 mai 2023","format":false,"excerpt":"Psycho-\u00e9motionnel associe la laitance de poisson et la vitamine B5 pour aider \u00e0 entretenir la m\u00e9moire et lutter contre la fatigue. Psycho-\u00e9motionnel est un alli\u00e9 id\u00e9al pour les \u00e9tudiants avant et pendant leurs examens, pour les personnes \u00e2g\u00e9es ainsi que toutes les personnes souhaitant entretenir leur m\u00e9moire. \u00a0","rel":"","context":"Similar post","block_context":{"text":"Similar post","link":""},"img":{"alt_text":"","src":"https:\/\/i0.wp.com\/gndvgah.cluster027.hosting.ovh.net\/wp-content\/uploads\/2023\/05\/PSYCHOEMO_CODE_180x69_pullulan-300x300-1.jpg?resize=350%2C200","width":350,"height":200},"classes":[]},{"id":362,"url":"https:\/\/www.eboutiquelumieresource.fr\/index.php\/product\/detente-d-stress-200-gelules\/","url_meta":{"origin":358,"position":5},"title":"D\u00e9tente D-stress","author":"admin6058","date":"29 mai 2023","format":false,"excerpt":"D\u00e9tente D-stress est une association de cinq plantes traditionnellement connues pour les propri\u00e9t\u00e9s apaisantes : la matricaire et la grande camomille favorisent la relaxation, elles aident l'esprit \u00e0 se calmer. l'aub\u00e9prine est r\u00e9put\u00e9e pour ses propri\u00e9t\u00e9s apaisantes, elle contribue \u00e0 diminuer l'agitation et l'irritabilit\u00e9. Elle permet \u00e9galement de lutter contre\u2026","rel":"","context":"Similar post","block_context":{"text":"Similar post","link":""},"img":{"alt_text":"d\u00e9tente d\u00e9stresse compl\u00e9ment alimentaire","src":"https:\/\/i0.wp.com\/gndvgah.cluster027.hosting.ovh.net\/wp-content\/uploads\/2023\/05\/DETENTE_DSTRESS_82DETCOT_200ml_150x69-300x300-1.jpg?resize=350%2C200","width":350,"height":200},"classes":[]}],"_links":{"self":[{"href":"https:\/\/www.eboutiquelumieresource.fr\/index.php\/wp-json\/wp\/v2\/product\/358","targetHints":{"allow":["GET"]}}],"collection":[{"href":"https:\/\/www.eboutiquelumieresource.fr\/index.php\/wp-json\/wp\/v2\/product"}],"about":[{"href":"https:\/\/www.eboutiquelumieresource.fr\/index.php\/wp-json\/wp\/v2\/types\/product"}],"replies":[{"embeddable":true,"href":"https:\/\/www.eboutiquelumieresource.fr\/index.php\/wp-json\/wp\/v2\/comments?post=358"}],"wp:featuredmedia":[{"embeddable":true,"href":"https:\/\/www.eboutiquelumieresource.fr\/index.php\/wp-json\/wp\/v2\/media\/632"}],"wp:attachment":[{"href":"https:\/\/www.eboutiquelumieresource.fr\/index.php\/wp-json\/wp\/v2\/media?parent=358"}],"wp:term":[{"taxonomy":"product_brand","embeddable":true,"href":"https:\/\/www.eboutiquelumieresource.fr\/index.php\/wp-json\/wp\/v2\/product_brand?post=358"},{"taxonomy":"product_cat","embeddable":true,"href":"https:\/\/www.eboutiquelumieresource.fr\/index.php\/wp-json\/wp\/v2\/product_cat?post=358"},{"taxonomy":"product_tag","embeddable":true,"href":"https:\/\/www.eboutiquelumieresource.fr\/index.php\/wp-json\/wp\/v2\/product_tag?post=358"}],"curies":[{"name":"wp","href":"https:\/\/api.w.org\/{rel}","templated":true}]}}